{"id":491,"date":"2018-03-15T08:33:34","date_gmt":"2018-03-15T08:33:34","guid":{"rendered":"http:\/\/hellobluecave.com\/hello-blue-cave\/"},"modified":"2026-02-02T11:31:34","modified_gmt":"2026-02-02T11:31:34","slug":"hello-blue-cave","status":"publish","type":"page","link":"https:\/\/hellobluecave.com\/hr\/","title":{"rendered":"Hello Blue Cave"},"content":{"rendered":"<div class=\"wpb-content-wrapper\"><p>[vc_row full_width=&#8221;stretch_row&#8221; content_placement=&#8221;middle&#8221; css=&#8221;.vc_custom_1770031852553{padding-top: 60px !important;padding-bottom: 60px !important;background-image: url(http:\/\/hellobluecave.com\/wp-content\/uploads\/2018\/03\/pattern.jpg?id=183) !important;background-position: 0 0 !important;background-repeat: repeat !important;}&#8221; kswr_row_top_decor_enabled=&#8221;false&#8221; kswr_row_bottom_decor_enabled=&#8221;false&#8221;][vc_column width=&#8221;1\/2&#8243;]<div id=\"ultimate-heading-958569d6e59450326\" class=\"uvc-heading ult-adjust-bottom-margin ultimate-heading-958569d6e59450326 uvc-7214 line_heading\" data-hspacer=\"no_spacer\"  data-halign=\"center\" style=\"text-align:center\"><div class=\"uvc-heading-spacer no_spacer\" style=\"top\"><\/div><div class=\"uvc-main-heading ult-responsive\"  data-ultimate-target='.uvc-heading.ultimate-heading-958569d6e59450326 h3'  data-responsive-json-new='{\"font-size\":\"\",\"line-height\":\"\"}' ><h3 style=\"font-weight:normal;\">Najbolji izlet s najboljim brodovima<\/h3><\/div><\/div><div id=\"ultimate-heading-952569d6e5945038d\" class=\"uvc-heading ult-adjust-bottom-margin ultimate-heading-952569d6e5945038d uvc-7948 line_heading\" data-hspacer=\"line_only\"  data-halign=\"center\" style=\"text-align:center\"><div class=\"uvc-main-heading ult-responsive\"  data-ultimate-target='.uvc-heading.ultimate-heading-952569d6e5945038d h2'  data-responsive-json-new='{\"font-size\":\"\",\"line-height\":\"\"}' ><h2 style=\"font-weight:normal;\">Blue Cave ekskurzija<\/h2><\/div><div class=\"uvc-heading-spacer line_only\" style=\"margin-top:10px;height:2px;\"><span class=\"uvc-headings-line\" style=\"border-style:solid;border-bottom-width:2px;border-color:#446cb3;width:70px;\"><\/span><\/div><\/div>[vc_column_text css=&#8221;&#8221; el_class=&#8221;big&#8221;]<\/p>\n<p style=\"text-align: center;\">Izvrstan jednodnevan izlet na Modru \u0161pilju i 5 otoka iz Splita &#8211; Hrvatska!<\/p>\n<p style=\"text-align: center;\">Plava \u0161pilja je jedinstveno iskustvo, pridru\u017eite nam se!<\/p>\n<p>[\/vc_column_text][\/vc_column][vc_column width=&#8221;1\/2&#8243;][vc_video link=&#8221;https:\/\/www.youtube.com\/watch?v=71CsNo2TFSE&#8221; css=&#8221;&#8221;][\/vc_column][\/vc_row][vc_row full_width=&#8221;stretch_row&#8221; bg_type=&#8221;image&#8221; parallax_style=&#8221;vcpb-vz-jquery&#8221; bg_image_new=&#8221;id^36|url^http:\/\/hellobluecave.com\/wp-content\/uploads\/2018\/03\/kornjaca2.jpg|caption^null|alt^null|title^kornjaca2|description^null&#8221; bg_image_repeat=&#8221;no-repeat&#8221; kswr_row_top_decor_enabled=&#8221;false&#8221; kswr_row_bottom_decor_enabled=&#8221;false&#8221; css=&#8221;.vc_custom_1521111283166{padding-top: 100px !important;padding-bottom: 100px !important;}&#8221;][vc_column width=&#8221;1\/6&#8243;][\/vc_column][vc_column width=&#8221;2\/3&#8243; css=&#8221;.vc_custom_1521208820351{border-bottom-width: 20px !important;padding-top: 20px !important;padding-right: 20px !important;padding-bottom: 20px !important;padding-left: 20px !important;background-color: rgba(255,255,255,0.64) !important;*background-color: rgb(255,255,255) !important;}&#8221;]<div id=\"ultimate-heading-518869d6e594503e9\" class=\"uvc-heading ult-adjust-bottom-margin ultimate-heading-518869d6e594503e9 uvc-8701 line_heading\" data-hspacer=\"line_only\"  data-halign=\"center\" style=\"text-align:center\"><div class=\"uvc-main-heading ult-responsive\"  data-ultimate-target='.uvc-heading.ultimate-heading-518869d6e594503e9 h2'  data-responsive-json-new='{\"font-size\":\"\",\"line-height\":\"\"}' ><h2 style=\"font-weight:normal;\">\u0160to \u0107emo posjetiti?<\/h2><\/div><div class=\"uvc-heading-spacer line_only\" style=\"margin-top:10px;height:2px;\"><span class=\"uvc-headings-line\" style=\"border-style:solid;border-bottom-width:2px;border-color:#446cb3;width:70px;\"><\/span><\/div><\/div>[vc_column_text el_class=&#8221;big&#8221;]<strong>Na ovom cjelodnevnom izletu brodom, po\u010dev\u0161i od grada Splita (Hrvatska), vidjet \u0107ete najpopularnije otoke kao \u0161to su: Hvar, Vis, Bi\u0161evo i Pakleni otoci, te sve glavne atrakcije kao \u0161to su: Plava \u0161pilja, Medvidina \u0161pilja, pla\u017ea Stiniva, Zelena \u0160pilja (u pred\/post sezoni i na privatnim izletima), otok Budikovac, Plava laguna i uvala Palmi\u017eana. Na\u0161i luksuzni izleti brodom \u0107e osigurati udobnu vo\u017enju. S na\u0161om popularnom ekskurzijom mo\u0107i \u0107ete imati predivno iskustvo i mno\u0161tvo prekrasnih fotografija. U\u017eivajte u danu na brodu, provedite svoj dan u plivanju i ronjenju.<\/strong><\/p>\n<p>&nbsp;<\/p>\n<p><strong>&#8220;Dajte im kvalitetu. To je najbolje ogla\u0161avanje. &#8220;~ Milton Hersey<\/strong>[\/vc_column_text][\/vc_column][vc_column width=&#8221;1\/6&#8243;][\/vc_column][\/vc_row][vc_row full_width=&#8221;stretch_row&#8221; css=&#8221;.vc_custom_1521208241587{padding-top: 60px !important;padding-bottom: 60px !important;background-image: url(http:\/\/hellobluecave.com\/wp-content\/uploads\/2018\/03\/pattern.jpg?id=183) !important;background-position: 0 0 !important;background-repeat: repeat !important;}&#8221; kswr_row_top_decor_enabled=&#8221;false&#8221; kswr_row_bottom_decor_enabled=&#8221;false&#8221; el_class=&#8221;nemame-mob&#8221;][vc_column css_animation=&#8221;fadeInLeft&#8221; width=&#8221;1\/3&#8243;]<div class=\"aio-icon-component    style_2\"><div id=\"Info-box-wrap-5200\" class=\"aio-icon-box top-icon\" style=\"\"  ><div class=\"aio-icon-top\"><div class=\"ult-just-icon-wrapper  \"><div class=\"align-icon\" style=\"text-align:center;\">\n<div class=\"aio-icon none \"  style=\"color:#446cb3;font-size:56px;display:inline-block;\">\n\t<i class=\"Defaults-calendar\"><\/i>\n<\/div><\/div><\/div><\/div><div class=\"aio-icon-header\" ><h3 class=\"aio-icon-title ult-responsive\"  data-ultimate-target='#Info-box-wrap-5200 .aio-icon-title'  data-responsive-json-new='{\"font-size\":\"desktop:24px;\",\"line-height\":\"\"}'  style=\"\">Izleti svakim danom<\/h3><\/div> <!-- header --><div class=\"aio-icon-description ult-responsive\"  data-ultimate-target='#Info-box-wrap-5200 .aio-icon-description'  data-responsive-json-new='{\"font-size\":\"\",\"line-height\":\"\"}'  style=\"\">Svakim danom od 1.4. do 31.10.<\/div> <!-- description --><\/div> <!-- aio-icon-box --><\/div> <!-- aio-icon-component -->[\/vc_column][vc_column css_animation=&#8221;fadeInLeft&#8221; width=&#8221;1\/3&#8243;]<div class=\"aio-icon-component    style_2\"><div id=\"Info-box-wrap-1816\" class=\"aio-icon-box top-icon\" style=\"\"  ><div class=\"aio-icon-top\"><div class=\"ult-just-icon-wrapper  \"><div class=\"align-icon\" style=\"text-align:center;\">\n<div class=\"aio-icon none \"  style=\"color:#446cb3;font-size:56px;display:inline-block;\">\n\t<i class=\"Defaults-group users\"><\/i>\n<\/div><\/div><\/div><\/div><div class=\"aio-icon-header\" ><h3 class=\"aio-icon-title ult-responsive\"  data-ultimate-target='#Info-box-wrap-1816 .aio-icon-title'  data-responsive-json-new='{\"font-size\":\"desktop:24px;\",\"line-height\":\"\"}'  style=\"\">+1000 zadovoljnih gostiju<\/h3><\/div> <!-- header --><div class=\"aio-icon-description ult-responsive\"  data-ultimate-target='#Info-box-wrap-1816 .aio-icon-description'  data-responsive-json-new='{\"font-size\":\"\",\"line-height\":\"\"}'  style=\"\">Pridru\u017eite se mnogim sretnim gostima koji su odabrali na\u0161 izlet na Modru \u0161pilju.<\/div> <!-- description --><\/div> <!-- aio-icon-box --><\/div> <!-- aio-icon-component -->[\/vc_column][vc_column css_animation=&#8221;fadeInRight&#8221; width=&#8221;1\/3&#8243;]<div class=\"aio-icon-component    style_2\"><div id=\"Info-box-wrap-1478\" class=\"aio-icon-box top-icon\" style=\"\"  ><div class=\"aio-icon-top\"><div class=\"ult-just-icon-wrapper  \"><div class=\"align-icon\" style=\"text-align:center;\">\n<div class=\"aio-icon none \"  style=\"color:#446cb3;font-size:56px;display:inline-block;\">\n\t<i class=\"Defaults-anchor\"><\/i>\n<\/div><\/div><\/div><\/div><div class=\"aio-icon-header\" ><h3 class=\"aio-icon-title ult-responsive\"  data-ultimate-target='#Info-box-wrap-1478 .aio-icon-title'  data-responsive-json-new='{\"font-size\":\"desktop:24px;\",\"line-height\":\"\"}'  style=\"\">Osoblje sa iskustvom<\/h3><\/div> <!-- header --><div class=\"aio-icon-description ult-responsive\"  data-ultimate-target='#Info-box-wrap-1478 .aio-icon-description'  data-responsive-json-new='{\"font-size\":\"\",\"line-height\":\"\"}'  style=\"\">Na\u0161e stru\u010dno i ljubazno osoblje dat \u0107e najbolje od sebe da u\u010dine Va\u0161 odmor u Hrvatskoj nezaboravnim.<\/div> <!-- description --><\/div> <!-- aio-icon-box --><\/div> <!-- aio-icon-component -->[\/vc_column][\/vc_row][vc_row full_width=&#8221;stretch_row&#8221; bg_type=&#8221;image&#8221; parallax_style=&#8221;vcpb-vz-jquery&#8221; bg_image_new=&#8221;id^129|url^http:\/\/hellobluecave.com\/wp-content\/uploads\/2018\/03\/blue-cave-bg.jpg|caption^null|alt^Blue cave|title^blue-cave-bg|description^null&#8221; css=&#8221;.vc_custom_1521484934082{padding-top: 60px !important;padding-bottom: 60px !important;}&#8221; kswr_row_top_decor_enabled=&#8221;false&#8221; kswr_row_bottom_decor_enabled=&#8221;false&#8221; el_id=&#8221;book-now&#8221;][vc_column][vc_column_text]<div class=\"tourmaster-tour-shortcode clearfix tourmaster-item-rvpdlr\" ><div class=\"tourmaster-tour-item clearfix  tourmaster-tour-item-style-grid tourmaster-tour-item-column-2\"  ><div class=\"tourmaster-tour-item-holder gdlr-core-js-2 clearfix\" data-layout=\"fitrows\" ><div class=\"gdlr-core-item-list  tourmaster-item-pdlr akyx tourmaster-column-30 tourmaster-column-first\" ><div class=\"tourmaster-tour-grid  tourmaster-tour-grid-style-1 tourmaster-price-bottom-bar\" ><div class=\"tourmaster-tour-grid-inner\"  ><div class=\"tourmaster-tour-thumbnail tourmaster-media-image \"  ><a href=\"https:\/\/hellobluecave.com\/hr\/tour\/izlet-modra-spilja-sa-luksuznim-brodom\/\" ><img loading=\"lazy\" decoding=\"async\" src=\"https:\/\/hellobluecave.com\/wp-content\/uploads\/2018\/02\/blue-cave-tour-with-luxury-cabin-boat.jpg\" alt=\"Blue Cave Tour with Luxury Cabin Boat\" width=\"600\" height=\"400\" \/><\/a><\/div><div class=\"tourmaster-tour-content-wrap \" ><h3 class=\"tourmaster-tour-title gdlr-core-skin-title\"  ><a href=\"https:\/\/hellobluecave.com\/hr\/tour\/izlet-modra-spilja-sa-luksuznim-brodom\/\" >Izlet Modra \u0161pilja sa luksuznim brodom<\/a><\/h3><div class=\"tourmaster-tour-info-wrap clearfix\" ><div class=\"tourmaster-tour-info tourmaster-tour-info-availability \" ><i class=\"fa fa-calendar\" ><\/i>Polazak: Svakim danom od 1.4. do 31.10. <\/div><\/div><div class=\"ukratko\"><div class=\"tourmaster-tour-content\" >[vc_row el_class=&#8221;informacije&#8221; kswr_row_top_decor_enabled=&#8221;false&#8221; kswr_row_bottom_decor_enabled=&#8221;false&#8221;][vc_column][\/vc_column][\/vc_row]<\/div><\/div><div class=\"tourmaster-tour-rating tourmaster-tour-rating-empty\" >0<\/div><\/div><div class=\"tourmaster-tour-price-bottom-wrap clearfix \" ><span class=\"tourmaster-tour-price-head\" ><a class=\"button button_theme button_js action_button booknowbtn\" href=\"https:\/\/hellobluecave.com\/hr\/tour\/izlet-modra-spilja-sa-luksuznim-brodom\/\" >Book now<\/a><\/span><span class=\"tourmaster-tour-price-content\" ><span class=\"tourmaster-tour-price\">149 \u20ac<\/span><\/span><\/div><\/div><\/div><\/div><div class=\"gdlr-core-item-list  tourmaster-item-pdlr akyx tourmaster-column-30\" ><div class=\"tourmaster-tour-grid  tourmaster-tour-grid-style-1 tourmaster-price-bottom-bar\" ><div class=\"tourmaster-tour-grid-inner\"  ><div class=\"tourmaster-tour-thumbnail tourmaster-media-image \"  ><a href=\"https:\/\/hellobluecave.com\/hr\/tour\/izlet-modra-spilja-sa-otvorenim-brodom\/\" ><img loading=\"lazy\" decoding=\"async\" src=\"https:\/\/hellobluecave.com\/wp-content\/uploads\/2026\/01\/blue-cave-tour-with-open-boat.jpg\" alt=\"Blue Cave Tour with Open Boat\" width=\"600\" height=\"400\" \/><\/a><\/div><div class=\"tourmaster-tour-content-wrap \" ><h3 class=\"tourmaster-tour-title gdlr-core-skin-title\"  ><a href=\"https:\/\/hellobluecave.com\/hr\/tour\/izlet-modra-spilja-sa-otvorenim-brodom\/\" >Izlet Modra \u0161pilja sa otvorenim brodom<\/a><\/h3><div class=\"tourmaster-tour-info-wrap clearfix\" ><div class=\"tourmaster-tour-info tourmaster-tour-info-availability \" ><i class=\"fa fa-calendar\" ><\/i>Polazak: Svakim danom od 1.4. do 31.10. <\/div><\/div><div class=\"ukratko\"><div class=\"tourmaster-tour-content\" >[vc_row el_class=&#8221;informacije&#8221; kswr_row_top_decor_enabled=&#8221;false&#8221; kswr_row_bottom_decor_enabled=&#8221;false&#8221;][vc_column][\/vc_column][\/vc_row]<\/div><\/div><div class=\"tourmaster-tour-rating tourmaster-tour-rating-empty\" >0<\/div><\/div><div class=\"tourmaster-tour-price-bottom-wrap clearfix \" ><span class=\"tourmaster-tour-price-head\" ><a class=\"button button_theme button_js action_button booknowbtn\" href=\"https:\/\/hellobluecave.com\/hr\/tour\/izlet-modra-spilja-sa-otvorenim-brodom\/\" >Book now<\/a><\/span><span class=\"tourmaster-tour-price-content\" ><span class=\"tourmaster-tour-price\">129 \u20ac<\/span><\/span><\/div><\/div><\/div><\/div><\/div><\/div><\/div>[\/vc_column_text][\/vc_column][\/vc_row]<\/p>\n<\/div>","protected":false},"excerpt":{"rendered":"<p>[vc_row full_width=&#8221;stretch_row&#8221; content_placement=&#8221;middle&#8221; css=&#8221;.vc_custom_1770031852553{padding-top: 60px !important;padding-bottom: 60px !important;background-image: url(http:\/\/hellobluecave.com\/wp-content\/uploads\/2018\/03\/pattern.jpg?id=183) !important;background-position: 0 0 !important;background-repeat: repeat !important;}&#8221; kswr_row_top_decor_enabled=&#8221;false&#8221; kswr_row_bottom_decor_enabled=&#8221;false&#8221;][vc_column width=&#8221;1\/2&#8243;][vc_column_text css=&#8221;&#8221; el_class=&#8221;big&#8221;] Izvrstan jednodnevan izlet na Modru \u0161pilju i 5 otoka iz Splita &#8211; Hrvatska! Plava \u0161pilja je jedinstveno iskustvo, pridru\u017eite nam se! [\/vc_column_text][\/vc_column][vc_column width=&#8221;1\/2&#8243;][vc_video link=&#8221;https:\/\/www.youtube.com\/watch?v=71CsNo2TFSE&#8221; css=&#8221;&#8221;][\/vc_column][\/vc_row][vc_row full_width=&#8221;stretch_row&#8221; bg_type=&#8221;image&#8221; parallax_style=&#8221;vcpb-vz-jquery&#8221; bg_image_new=&#8221;id^36|url^http:\/\/hellobluecave.com\/wp-content\/uploads\/2018\/03\/kornjaca2.jpg|caption^null|alt^null|title^kornjaca2|description^null&#8221; bg_image_repeat=&#8221;no-repeat&#8221;<span class=\"excerpt-hellip\"> [\u2026]<\/span><\/p>\n","protected":false},"author":1,"featured_media":0,"parent":0,"menu_order":0,"comment_status":"closed","ping_status":"closed","template":"","meta":[],"class_list":["post-491","page","type-page","status-publish","hentry"],"yoast_head":"<!-- This site is optimized with the Yoast SEO plugin v26.8 - https:\/\/yoast.com\/product\/yoast-seo-wordpress\/ -->\n<title>Blue Cave Tour From Split - Croatia - Hello Blue Cave<\/title>\n<meta name=\"description\" content=\"Amazing blue cave tour on best boats from Split guaranteed. Choose from luxury or rib boat. All boats are 2018 models, friendly skippers. Visit Blue Cave, Green Cave, Monk seal cave, Stiniva beach, Hvar island and much more\" \/>\n<meta name=\"robots\" content=\"index, follow, max-snippet:-1, max-image-preview:large, max-video-preview:-1\" \/>\n<link rel=\"canonical\" href=\"https:\/\/hellobluecave.com\/hr\/\" \/>\n<meta property=\"og:locale\" content=\"hr_HR\" \/>\n<meta property=\"og:type\" content=\"article\" \/>\n<meta property=\"og:title\" content=\"Blue Cave Tour From Split - Croatia - Hello Blue Cave\" \/>\n<meta property=\"og:description\" content=\"Amazing blue cave tour on best boats from Split guaranteed. Choose from luxury or rib boat. All boats are 2018 models, friendly skippers. Visit Blue Cave, Green Cave, Monk seal cave, Stiniva beach, Hvar island and much more\" \/>\n<meta property=\"og:url\" content=\"https:\/\/hellobluecave.com\/hr\/\" \/>\n<meta property=\"og:site_name\" content=\"Hello Blue Cave\" \/>\n<meta property=\"article:modified_time\" content=\"2026-02-02T11:31:34+00:00\" \/>\n<meta name=\"twitter:card\" content=\"summary_large_image\" \/>\n<meta name=\"twitter:label1\" content=\"Est. reading time\" \/>\n\t<meta name=\"twitter:data1\" content=\"2 minutes\" \/>\n<script type=\"application\/ld+json\" class=\"yoast-schema-graph\">{\"@context\":\"https:\/\/schema.org\",\"@graph\":[{\"@type\":\"WebPage\",\"@id\":\"https:\/\/hellobluecave.com\/hr\/\",\"url\":\"https:\/\/hellobluecave.com\/hr\/\",\"name\":\"Blue Cave Tour From Split - Croatia - Hello Blue Cave\",\"isPartOf\":{\"@id\":\"https:\/\/hellobluecave.com\/#website\"},\"datePublished\":\"2018-03-15T08:33:34+00:00\",\"dateModified\":\"2026-02-02T11:31:34+00:00\",\"description\":\"Amazing blue cave tour on best boats from Split guaranteed. Choose from luxury or rib boat. All boats are 2018 models, friendly skippers. Visit Blue Cave, Green Cave, Monk seal cave, Stiniva beach, Hvar island and much more\",\"breadcrumb\":{\"@id\":\"https:\/\/hellobluecave.com\/hr\/#breadcrumb\"},\"inLanguage\":\"hr-HR\",\"potentialAction\":[{\"@type\":\"ReadAction\",\"target\":[\"https:\/\/hellobluecave.com\/hr\/\"]}]},{\"@type\":\"BreadcrumbList\",\"@id\":\"https:\/\/hellobluecave.com\/hr\/#breadcrumb\",\"itemListElement\":[{\"@type\":\"ListItem\",\"position\":1,\"name\":\"Home\",\"item\":\"https:\/\/hellobluecave.com\/hr\/\"},{\"@type\":\"ListItem\",\"position\":2,\"name\":\"Hello Blue Cave\"}]},{\"@type\":\"WebSite\",\"@id\":\"https:\/\/hellobluecave.com\/#website\",\"url\":\"https:\/\/hellobluecave.com\/\",\"name\":\"Hello Blue Cave\",\"description\":\"Blue Cave and 5 island Boat Tour From Split\",\"potentialAction\":[{\"@type\":\"SearchAction\",\"target\":{\"@type\":\"EntryPoint\",\"urlTemplate\":\"https:\/\/hellobluecave.com\/?s={search_term_string}\"},\"query-input\":{\"@type\":\"PropertyValueSpecification\",\"valueRequired\":true,\"valueName\":\"search_term_string\"}}],\"inLanguage\":\"hr-HR\"}]}<\/script>\n<!-- \/ Yoast SEO plugin. -->","yoast_head_json":{"title":"Blue Cave Tour From Split - Croatia - Hello Blue Cave","description":"Amazing blue cave tour on best boats from Split guaranteed. Choose from luxury or rib boat. All boats are 2018 models, friendly skippers. Visit Blue Cave, Green Cave, Monk seal cave, Stiniva beach, Hvar island and much more","robots":{"index":"index","follow":"follow","max-snippet":"max-snippet:-1","max-image-preview":"max-image-preview:large","max-video-preview":"max-video-preview:-1"},"canonical":"https:\/\/hellobluecave.com\/hr\/","og_locale":"hr_HR","og_type":"article","og_title":"Blue Cave Tour From Split - Croatia - Hello Blue Cave","og_description":"Amazing blue cave tour on best boats from Split guaranteed. Choose from luxury or rib boat. All boats are 2018 models, friendly skippers. Visit Blue Cave, Green Cave, Monk seal cave, Stiniva beach, Hvar island and much more","og_url":"https:\/\/hellobluecave.com\/hr\/","og_site_name":"Hello Blue Cave","article_modified_time":"2026-02-02T11:31:34+00:00","twitter_card":"summary_large_image","twitter_misc":{"Est. reading time":"2 minutes"},"schema":{"@context":"https:\/\/schema.org","@graph":[{"@type":"WebPage","@id":"https:\/\/hellobluecave.com\/hr\/","url":"https:\/\/hellobluecave.com\/hr\/","name":"Blue Cave Tour From Split - Croatia - Hello Blue Cave","isPartOf":{"@id":"https:\/\/hellobluecave.com\/#website"},"datePublished":"2018-03-15T08:33:34+00:00","dateModified":"2026-02-02T11:31:34+00:00","description":"Amazing blue cave tour on best boats from Split guaranteed. Choose from luxury or rib boat. All boats are 2018 models, friendly skippers. Visit Blue Cave, Green Cave, Monk seal cave, Stiniva beach, Hvar island and much more","breadcrumb":{"@id":"https:\/\/hellobluecave.com\/hr\/#breadcrumb"},"inLanguage":"hr-HR","potentialAction":[{"@type":"ReadAction","target":["https:\/\/hellobluecave.com\/hr\/"]}]},{"@type":"BreadcrumbList","@id":"https:\/\/hellobluecave.com\/hr\/#breadcrumb","itemListElement":[{"@type":"ListItem","position":1,"name":"Home","item":"https:\/\/hellobluecave.com\/hr\/"},{"@type":"ListItem","position":2,"name":"Hello Blue Cave"}]},{"@type":"WebSite","@id":"https:\/\/hellobluecave.com\/#website","url":"https:\/\/hellobluecave.com\/","name":"Hello Blue Cave","description":"Blue Cave and 5 island Boat Tour From Split","potentialAction":[{"@type":"SearchAction","target":{"@type":"EntryPoint","urlTemplate":"https:\/\/hellobluecave.com\/?s={search_term_string}"},"query-input":{"@type":"PropertyValueSpecification","valueRequired":true,"valueName":"search_term_string"}}],"inLanguage":"hr-HR"}]}},"_links":{"self":[{"href":"https:\/\/hellobluecave.com\/hr\/wp-json\/wp\/v2\/pages\/491","targetHints":{"allow":["GET"]}}],"collection":[{"href":"https:\/\/hellobluecave.com\/hr\/wp-json\/wp\/v2\/pages"}],"about":[{"href":"https:\/\/hellobluecave.com\/hr\/wp-json\/wp\/v2\/types\/page"}],"author":[{"embeddable":true,"href":"https:\/\/hellobluecave.com\/hr\/wp-json\/wp\/v2\/users\/1"}],"replies":[{"embeddable":true,"href":"https:\/\/hellobluecave.com\/hr\/wp-json\/wp\/v2\/comments?post=491"}],"version-history":[{"count":15,"href":"https:\/\/hellobluecave.com\/hr\/wp-json\/wp\/v2\/pages\/491\/revisions"}],"predecessor-version":[{"id":1033,"href":"https:\/\/hellobluecave.com\/hr\/wp-json\/wp\/v2\/pages\/491\/revisions\/1033"}],"wp:attachment":[{"href":"https:\/\/hellobluecave.com\/hr\/wp-json\/wp\/v2\/media?parent=491"}],"curies":[{"name":"wp","href":"https:\/\/api.w.org\/{rel}","templated":true}]}}