{"id":496,"date":"2018-03-15T14:45:19","date_gmt":"2018-03-15T14:45:19","guid":{"rendered":"http:\/\/hellobluecave.com\/faq\/"},"modified":"2023-06-28T07:24:43","modified_gmt":"2023-06-28T07:24:43","slug":"faq","status":"publish","type":"page","link":"https:\/\/hellobluecave.com\/hr\/faq\/","title":{"rendered":"FAQ"},"content":{"rendered":"<div class=\"wpb-content-wrapper\"><p>[vc_row full_width=&#8221;stretch_row&#8221; el_class=&#8221;prvi-div&#8221; css=&#8221;.vc_custom_1516965049352{padding-top: 60px !important;padding-bottom: 60px !important;}&#8221; kswr_row_top_decor_enabled=&#8221;false&#8221; kswr_row_bottom_decor_enabled=&#8221;false&#8221;][vc_column width=&#8221;1\/12&#8243;][\/vc_column][vc_column width=&#8221;10\/12&#8243;][vc_tta_accordion style=&#8221;modern&#8221; shape=&#8221;square&#8221; active_section=&#8221;1&#8243;][vc_tta_section title=&#8221;\u0160to je uklju\u010deno u cijenu?&#8221; tab_id=&#8221;ukljuceno-u-cijenu&#8221;][vc_column_text]Cijena uklju\u010duje: vodu na brodu, skipera, gorivo, osiguranje, PDV, prsluke za spa\u0161avanje i maske za ronjenje za sve putnike.[\/vc_column_text][\/vc_tta_section][vc_tta_section title=&#8221;Postoje li dodatni tro\u0161kovi?&#8221; tab_id=&#8221;dodatni-troskovi&#8221;][vc_column_text]Apsolutno ne. Nema skrivenih tro\u0161kova, ali imajte na umu da ru\u010dak nije uklju\u010den u cijenu.[\/vc_column_text][\/vc_tta_section][vc_tta_section title=&#8221;Koji su na\u010dini pla\u0107anja?&#8221; tab_id=&#8221;nacini-placanja&#8221;][vc_column_text]Mo\u017eete platiti putem PayPal-a ili izravno na na\u0161 bankovni ra\u010dun.[\/vc_column_text][\/vc_tta_section][vc_tta_section title=&#8221;Je li moje pla\u0107anje sigurno?&#8221; tab_id=&#8221;sigurnost-placanja&#8221;][vc_column_text]Da, Va\u0161 je online sustav pla\u0107anja siguran i \u0161ifrira Va\u0161e podatke o pla\u0107anju kako bi vas za\u0161titio od prijevara i neovla\u0161tenih transakcija. Koristimo me\u0111unarodno priznat i siguran sustav pla\u0107anja &#8211; PayPal. Va\u0161a kreditna kartica ili PayPal ra\u010dun napla\u0107uju se nakon \u0161to rezervirate.[\/vc_column_text][\/vc_tta_section][vc_tta_section title=&#8221;\u0160to ako \u017eelim otkazati izlet?&#8221; tab_id=&#8221;otkazivanje-izleta&#8221;][vc_column_text]U bilo kojem trenutku mo\u017eete otkazati izlet, ali poku\u0161ajte nam poslati e-mail \u0161to je prije mogu\u0107e.[\/vc_column_text][\/vc_tta_section][vc_tta_section title=&#8221;Koja je Va\u0161 politika otkazivanja izleta?&#8221; tab_id=&#8221;politika-otkazivanja&#8221;][vc_column_text]Do 2 dana prije po\u010detka izleta: puni povrat<\/p>\n<p>ili 1-0 dana prije po\u010detka izleta ili u slu\u010daju da se ne pojavite: bez povrata<\/p>\n<p>Politika povrata u slu\u010daju lo\u0161eg vremena &#8211; puni iznos[\/vc_column_text][\/vc_tta_section][vc_tta_section title=&#8221;\u0160to ako je vrijeme lo\u0161e za izlet brodom?&#8221; tab_id=&#8221;slucaj-loseg-vremena&#8221;][vc_column_text]Ako vrijeme nije prikladno za izlet brodom, mi otkazujemo izlet, tako da mo\u017eete dobiti puni povrat novca, pridru\u017eiti se alternativnom izletu ili mo\u017eete odgoditi izlet za neki drugi dan (bez dodatnih tro\u0161kova).[\/vc_column_text][\/vc_tta_section][vc_tta_section title=&#8221;\u0160to moramo ponijeti na izlet brodom?&#8221; tab_id=&#8221;sto-treba-ponijeti&#8221;][vc_column_text]Mo\u017eete ponijeti fotoaparat, ru\u010dnik, kupa\u0107i kostim, sun\u010dane nao\u010dale, rezervnu odje\u0107u, kremu za sun\u010danje i novac za ru\u010dak.[\/vc_column_text][\/vc_tta_section][vc_tta_section title=&#8221;Nudite li privatne ture?&#8221; tab_id=&#8221;privatne-ture&#8221;][vc_column_text]Da, na\u0161 izlet Modra \u0161pilja (ili bilo koji drugi) mo\u017ee se obaviti u privatnom aran\u017emanu tako\u0111er.<\/p>\n<p>&nbsp;<\/p>\n<p>[\/vc_column_text][\/vc_tta_section][vc_tta_section title=&#8221;Je li izlet siguran za djecu?&#8221; tab_id=&#8221;sigurnost-za-djecu&#8221;][vc_column_text]Da, na\u0161i brodovi su potpuno sigurni, molim provjerite cijene za djecu.<\/p>\n<p>Na\u0161i brodovi tako\u0111er su potpuno sigurni za trudnice i starije osobe.[\/vc_column_text][\/vc_tta_section][vc_tta_section title=&#8221;\u0160to ako kasnim?&#8221; tab_id=&#8221;kasnjenje&#8221;][vc_column_text]\u010cekat \u0107emo vam 15 minuta, ali trebate nas nazvati najkasnije u 07:40, ili mo\u017eete i\u0107i drugi dan ako imamo dostupnosti (bez dodatnih tro\u0161kova).[\/vc_column_text][\/vc_tta_section][vc_tta_section title=&#8221;Gdje mo\u017eemo parkirati na\u0161 auto?&#8221; tab_id=&#8221;parkiranje&#8221;][vc_column_text]Po\u0161aljite nam e-po\u0161tu za ove informacije.[\/vc_column_text][\/vc_tta_section][\/vc_tta_accordion][\/vc_column][vc_column width=&#8221;1\/12&#8243;][\/vc_column][\/vc_row]<\/p>\n<\/div>","protected":false},"excerpt":{"rendered":"<p>[vc_row full_width=&#8221;stretch_row&#8221; el_class=&#8221;prvi-div&#8221; css=&#8221;.vc_custom_1516965049352{padding-top: 60px !important;padding-bottom: 60px !important;}&#8221; kswr_row_top_decor_enabled=&#8221;false&#8221; kswr_row_bottom_decor_enabled=&#8221;false&#8221;][vc_column width=&#8221;1\/12&#8243;][\/vc_column][vc_column width=&#8221;10\/12&#8243;][vc_tta_accordion style=&#8221;modern&#8221; shape=&#8221;square&#8221; active_section=&#8221;1&#8243;][vc_tta_section title=&#8221;\u0160to je uklju\u010deno u cijenu?&#8221; tab_id=&#8221;ukljuceno-u-cijenu&#8221;][vc_column_text]Cijena uklju\u010duje: vodu na brodu, skipera, gorivo, osiguranje, PDV, prsluke za spa\u0161avanje i maske za ronjenje za sve putnike.[\/vc_column_text][\/vc_tta_section][vc_tta_section title=&#8221;Postoje li dodatni tro\u0161kovi?&#8221; tab_id=&#8221;dodatni-troskovi&#8221;][vc_column_text]Apsolutno ne. Nema skrivenih tro\u0161kova, ali imajte<span class=\"excerpt-hellip\"> [\u2026]<\/span><\/p>\n","protected":false},"author":1,"featured_media":0,"parent":0,"menu_order":0,"comment_status":"closed","ping_status":"closed","template":"","meta":[],"class_list":["post-496","page","type-page","status-publish","hentry"],"yoast_head":"<!-- This site is optimized with the Yoast SEO plugin v26.8 - https:\/\/yoast.com\/product\/yoast-seo-wordpress\/ -->\n<title>FAQ - Hello Blue Cave<\/title>\n<meta name=\"robots\" content=\"index, follow, max-snippet:-1, max-image-preview:large, max-video-preview:-1\" \/>\n<link rel=\"canonical\" href=\"https:\/\/hellobluecave.com\/faq\/\" \/>\n<meta property=\"og:locale\" content=\"hr_HR\" \/>\n<meta property=\"og:type\" content=\"article\" \/>\n<meta property=\"og:title\" content=\"FAQ - Hello Blue Cave\" \/>\n<meta property=\"og:description\" content=\"[vc_row full_width=&#8221;stretch_row&#8221; el_class=&#8221;prvi-div&#8221; css=&#8221;.vc_custom_1516965049352{padding-top: 60px !important;padding-bottom: 60px !important;}&#8221; kswr_row_top_decor_enabled=&#8221;false&#8221; kswr_row_bottom_decor_enabled=&#8221;false&#8221;][vc_column width=&#8221;1\/12&#8243;][\/vc_column][vc_column width=&#8221;10\/12&#8243;][vc_tta_accordion style=&#8221;modern&#8221; shape=&#8221;square&#8221; active_section=&#8221;1&#8243;][vc_tta_section title=&#8221;\u0160to je uklju\u010deno u cijenu?&#8221; tab_id=&#8221;ukljuceno-u-cijenu&#8221;][vc_column_text]Cijena uklju\u010duje: vodu na brodu, skipera, gorivo, osiguranje, PDV, prsluke za spa\u0161avanje i maske za ronjenje za sve putnike.[\/vc_column_text][\/vc_tta_section][vc_tta_section title=&#8221;Postoje li dodatni tro\u0161kovi?&#8221; tab_id=&#8221;dodatni-troskovi&#8221;][vc_column_text]Apsolutno ne. Nema skrivenih tro\u0161kova, ali imajte [\u2026]\" \/>\n<meta property=\"og:url\" content=\"https:\/\/hellobluecave.com\/faq\/\" \/>\n<meta property=\"og:site_name\" content=\"Hello Blue Cave\" \/>\n<meta property=\"article:modified_time\" content=\"2023-06-28T07:24:43+00:00\" \/>\n<meta name=\"twitter:card\" content=\"summary_large_image\" \/>\n<meta name=\"twitter:label1\" content=\"Est. reading time\" \/>\n\t<meta name=\"twitter:data1\" content=\"2 minutes\" \/>\n<script type=\"application\/ld+json\" class=\"yoast-schema-graph\">{\"@context\":\"https:\/\/schema.org\",\"@graph\":[{\"@type\":\"WebPage\",\"@id\":\"https:\/\/hellobluecave.com\/faq\/\",\"url\":\"https:\/\/hellobluecave.com\/faq\/\",\"name\":\"FAQ - Hello Blue Cave\",\"isPartOf\":{\"@id\":\"https:\/\/hellobluecave.com\/#website\"},\"datePublished\":\"2018-03-15T14:45:19+00:00\",\"dateModified\":\"2023-06-28T07:24:43+00:00\",\"breadcrumb\":{\"@id\":\"https:\/\/hellobluecave.com\/faq\/#breadcrumb\"},\"inLanguage\":\"hr-HR\",\"potentialAction\":[{\"@type\":\"ReadAction\",\"target\":[\"https:\/\/hellobluecave.com\/faq\/\"]}]},{\"@type\":\"BreadcrumbList\",\"@id\":\"https:\/\/hellobluecave.com\/faq\/#breadcrumb\",\"itemListElement\":[{\"@type\":\"ListItem\",\"position\":1,\"name\":\"Home\",\"item\":\"https:\/\/hellobluecave.com\/hr\/\"},{\"@type\":\"ListItem\",\"position\":2,\"name\":\"FAQ\"}]},{\"@type\":\"WebSite\",\"@id\":\"https:\/\/hellobluecave.com\/#website\",\"url\":\"https:\/\/hellobluecave.com\/\",\"name\":\"Hello Blue Cave\",\"description\":\"Blue Cave and 5 island Boat Tour From Split\",\"potentialAction\":[{\"@type\":\"SearchAction\",\"target\":{\"@type\":\"EntryPoint\",\"urlTemplate\":\"https:\/\/hellobluecave.com\/?s={search_term_string}\"},\"query-input\":{\"@type\":\"PropertyValueSpecification\",\"valueRequired\":true,\"valueName\":\"search_term_string\"}}],\"inLanguage\":\"hr-HR\"}]}<\/script>\n<!-- \/ Yoast SEO plugin. -->","yoast_head_json":{"title":"FAQ - Hello Blue Cave","robots":{"index":"index","follow":"follow","max-snippet":"max-snippet:-1","max-image-preview":"max-image-preview:large","max-video-preview":"max-video-preview:-1"},"canonical":"https:\/\/hellobluecave.com\/faq\/","og_locale":"hr_HR","og_type":"article","og_title":"FAQ - Hello Blue Cave","og_description":"[vc_row full_width=&#8221;stretch_row&#8221; el_class=&#8221;prvi-div&#8221; css=&#8221;.vc_custom_1516965049352{padding-top: 60px !important;padding-bottom: 60px !important;}&#8221; kswr_row_top_decor_enabled=&#8221;false&#8221; kswr_row_bottom_decor_enabled=&#8221;false&#8221;][vc_column width=&#8221;1\/12&#8243;][\/vc_column][vc_column width=&#8221;10\/12&#8243;][vc_tta_accordion style=&#8221;modern&#8221; shape=&#8221;square&#8221; active_section=&#8221;1&#8243;][vc_tta_section title=&#8221;\u0160to je uklju\u010deno u cijenu?&#8221; tab_id=&#8221;ukljuceno-u-cijenu&#8221;][vc_column_text]Cijena uklju\u010duje: vodu na brodu, skipera, gorivo, osiguranje, PDV, prsluke za spa\u0161avanje i maske za ronjenje za sve putnike.[\/vc_column_text][\/vc_tta_section][vc_tta_section title=&#8221;Postoje li dodatni tro\u0161kovi?&#8221; tab_id=&#8221;dodatni-troskovi&#8221;][vc_column_text]Apsolutno ne. Nema skrivenih tro\u0161kova, ali imajte [\u2026]","og_url":"https:\/\/hellobluecave.com\/faq\/","og_site_name":"Hello Blue Cave","article_modified_time":"2023-06-28T07:24:43+00:00","twitter_card":"summary_large_image","twitter_misc":{"Est. reading time":"2 minutes"},"schema":{"@context":"https:\/\/schema.org","@graph":[{"@type":"WebPage","@id":"https:\/\/hellobluecave.com\/faq\/","url":"https:\/\/hellobluecave.com\/faq\/","name":"FAQ - Hello Blue Cave","isPartOf":{"@id":"https:\/\/hellobluecave.com\/#website"},"datePublished":"2018-03-15T14:45:19+00:00","dateModified":"2023-06-28T07:24:43+00:00","breadcrumb":{"@id":"https:\/\/hellobluecave.com\/faq\/#breadcrumb"},"inLanguage":"hr-HR","potentialAction":[{"@type":"ReadAction","target":["https:\/\/hellobluecave.com\/faq\/"]}]},{"@type":"BreadcrumbList","@id":"https:\/\/hellobluecave.com\/faq\/#breadcrumb","itemListElement":[{"@type":"ListItem","position":1,"name":"Home","item":"https:\/\/hellobluecave.com\/hr\/"},{"@type":"ListItem","position":2,"name":"FAQ"}]},{"@type":"WebSite","@id":"https:\/\/hellobluecave.com\/#website","url":"https:\/\/hellobluecave.com\/","name":"Hello Blue Cave","description":"Blue Cave and 5 island Boat Tour From Split","potentialAction":[{"@type":"SearchAction","target":{"@type":"EntryPoint","urlTemplate":"https:\/\/hellobluecave.com\/?s={search_term_string}"},"query-input":{"@type":"PropertyValueSpecification","valueRequired":true,"valueName":"search_term_string"}}],"inLanguage":"hr-HR"}]}},"_links":{"self":[{"href":"https:\/\/hellobluecave.com\/hr\/wp-json\/wp\/v2\/pages\/496","targetHints":{"allow":["GET"]}}],"collection":[{"href":"https:\/\/hellobluecave.com\/hr\/wp-json\/wp\/v2\/pages"}],"about":[{"href":"https:\/\/hellobluecave.com\/hr\/wp-json\/wp\/v2\/types\/page"}],"author":[{"embeddable":true,"href":"https:\/\/hellobluecave.com\/hr\/wp-json\/wp\/v2\/users\/1"}],"replies":[{"embeddable":true,"href":"https:\/\/hellobluecave.com\/hr\/wp-json\/wp\/v2\/comments?post=496"}],"version-history":[{"count":3,"href":"https:\/\/hellobluecave.com\/hr\/wp-json\/wp\/v2\/pages\/496\/revisions"}],"predecessor-version":[{"id":825,"href":"https:\/\/hellobluecave.com\/hr\/wp-json\/wp\/v2\/pages\/496\/revisions\/825"}],"wp:attachment":[{"href":"https:\/\/hellobluecave.com\/hr\/wp-json\/wp\/v2\/media?parent=496"}],"curies":[{"name":"wp","href":"https:\/\/api.w.org\/{rel}","templated":true}]}}