{"id":500,"date":"2018-03-16T12:13:58","date_gmt":"2018-03-16T12:13:58","guid":{"rendered":"http:\/\/hellobluecave.com\/about-us\/"},"modified":"2024-07-22T19:35:51","modified_gmt":"2024-07-22T19:35:51","slug":"o-nama","status":"publish","type":"page","link":"https:\/\/hellobluecave.com\/hr\/o-nama\/","title":{"rendered":"O nama"},"content":{"rendered":"<div class=\"wpb-content-wrapper\"><p>[vc_row][vc_column]<div id=\"ultimate-heading-217769ea93fd8489d\" class=\"uvc-heading ult-adjust-bottom-margin ultimate-heading-217769ea93fd8489d uvc-951 line_heading\" data-hspacer=\"line_only\"  data-halign=\"center\" style=\"text-align:center\"><div class=\"uvc-main-heading ult-responsive\"  data-ultimate-target='.uvc-heading.ultimate-heading-217769ea93fd8489d h2'  data-responsive-json-new='{\"font-size\":\"\",\"line-height\":\"\"}' ><h2 style=\"font-weight:normal;\">Nekoliko dobrih razloga<\/h2><\/div><div class=\"uvc-heading-spacer line_only\" style=\"margin-top:10px;height:2px;\"><span class=\"uvc-headings-line\" style=\"border-style:solid;border-bottom-width:2px;border-color:#446cb3;width:70px;\"><\/span><\/div><div class=\"uvc-sub-heading ult-responsive\"  data-ultimate-target='.uvc-heading.ultimate-heading-217769ea93fd8489d .uvc-sub-heading '  data-responsive-json-new='{\"font-size\":\"\",\"line-height\":\"\"}'  style=\"font-weight:normal;\"><\/p>\n<h3 class=\"vc_custom_heading vc_do_custom_heading\">Za\u0161to izabrati na\u0161 izlet<\/h3>\n<p><\/div><\/div>[\/vc_column][\/vc_row][vc_row css=&#8221;.vc_custom_1521205427602{padding-top: 60px !important;}&#8221; kswr_row_top_decor_enabled=&#8221;false&#8221; kswr_row_bottom_decor_enabled=&#8221;false&#8221;][vc_column width=&#8221;1\/2&#8243;]<div class=\"ult-new-ib ult-ib-effect-style6  ult-ib-resp  \" data-min-width=\"0\" data-max-width=\"767\" style=\"background:#1e73be;\" data-opacity=\"1\" data-hover-opacity=\"0.25\" ><img decoding=\"async\" class=\"ult-new-ib-img\" style=\"opacity:1;\" alt=\"null\" src=\"https:\/\/hellobluecave.com\/wp-content\/uploads\/2018\/03\/banner-1.jpg\"   \/><div id=\"interactive-banner-wrap-4188\" class=\"ult-new-ib-desc\" style=\"\"><h2 class=\"ult-new-ib-title ult-responsive\"  data-ultimate-target='#interactive-banner-wrap-4188 .ult-new-ib-title'  data-responsive-json-new='{\"font-size\":\"desktop:38px;\",\"line-height\":\"desktop:42px;\"}'  style=\"font-weight:bold;\">+ 1000 gostiju<\/h2><div class=\"ult-new-ib-content ult-responsive\"  data-ultimate-target='#interactive-banner-wrap-4188 .ult-new-ib-content'  data-responsive-json-new='{\"font-size\":\"desktop:14px;\",\"line-height\":\"desktop:22px;\"}'  style=\"font-weight:normal;\"><p>Pridru\u017eite se mnogim sretnim gostima koji su odabrali na\u0161 izlet na Modru \u0161pilju.<\/p><\/div><\/div><\/div>[\/vc_column][vc_column width=&#8221;1\/2&#8243;]<div class=\"ult-new-ib ult-ib-effect-style6  ult-ib-resp  \" data-min-width=\"0\" data-max-width=\"767\" style=\"background:#1e73be;\" data-opacity=\"1\" data-hover-opacity=\"0.25\" ><img decoding=\"async\" class=\"ult-new-ib-img\" style=\"opacity:1;\" alt=\"#1 Top destinations\" src=\"https:\/\/hellobluecave.com\/wp-content\/uploads\/2018\/03\/banner-2.jpg\"   \/><div id=\"interactive-banner-wrap-8553\" class=\"ult-new-ib-desc\" style=\"\"><h2 class=\"ult-new-ib-title ult-responsive\"  data-ultimate-target='#interactive-banner-wrap-8553 .ult-new-ib-title'  data-responsive-json-new='{\"font-size\":\"desktop:38px;\",\"line-height\":\"desktop:42px;\"}'  style=\"font-weight:bold;\">#1 Top destinacije<\/h2><div class=\"ult-new-ib-content ult-responsive\"  data-ultimate-target='#interactive-banner-wrap-8553 .ult-new-ib-content'  data-responsive-json-new='{\"font-size\":\"desktop:14px;\",\"line-height\":\"desktop:22px;\"}'  style=\"font-weight:normal;\"><p>U jednom danu mo\u017eete posjetiti sve popularne otoke i najva\u017enije atrakcije.<\/p><\/div><\/div><\/div>[\/vc_column][\/vc_row][vc_row css=&#8221;.vc_custom_1521205434347{padding-bottom: 60px !important;}&#8221; kswr_row_top_decor_enabled=&#8221;false&#8221; kswr_row_bottom_decor_enabled=&#8221;false&#8221;][vc_column width=&#8221;1\/2&#8243;]<div class=\"ult-new-ib ult-ib-effect-style6  ult-ib-resp  \" data-min-width=\"5\" data-max-width=\"676\" style=\"background:#1e73be;\" data-opacity=\"1\" data-hover-opacity=\"0.25\" ><img decoding=\"async\" class=\"ult-new-ib-img\" style=\"opacity:1;\" alt=\"Experienced Staff\" src=\"https:\/\/hellobluecave.com\/wp-content\/uploads\/2018\/03\/banner-4.jpg\"   \/><div id=\"interactive-banner-wrap-6938\" class=\"ult-new-ib-desc\" style=\"\"><h2 class=\"ult-new-ib-title ult-responsive\"  data-ultimate-target='#interactive-banner-wrap-6938 .ult-new-ib-title'  data-responsive-json-new='{\"font-size\":\"desktop:38px;\",\"line-height\":\"desktop:42px;\"}'  style=\"font-weight:bold;\">Iskusno osoblje<\/h2><div class=\"ult-new-ib-content ult-responsive\"  data-ultimate-target='#interactive-banner-wrap-6938 .ult-new-ib-content'  data-responsive-json-new='{\"font-size\":\"desktop:14px;\",\"line-height\":\"desktop:22px;\"}'  style=\"font-weight:normal;\"><p>Na\u0161e stru\u010dno i ljubazno osoblje dat \u0107e najbolje od sebe da u\u010dine Va\u0161 odmor u Hrvatskoj nezaboravnim. Imamo vi\u0161egodi\u0161nje iskustvo u turizmu. Na\u0161 tim su mladi i motivirani ljudi koji \u0107e brzo ispuniti sve va\u0161e zahtjeve. Brza korisni\u010dka podr\u0161ka.<\/p><\/div><\/div><\/div>[\/vc_column][vc_column width=&#8221;1\/2&#8243;]<div class=\"ult-new-ib ult-ib-effect-style6  ult-ib-resp  \" data-min-width=\"6\" data-max-width=\"767\" style=\"background:#1e73be;\" data-opacity=\"1\" data-hover-opacity=\"0.25\" ><img decoding=\"async\" class=\"ult-new-ib-img\" style=\"opacity:1;\" alt=\"Luxury boat Blue Cave from Split\" src=\"https:\/\/hellobluecave.com\/wp-content\/uploads\/2024\/07\/luxury-boat-blue-cave-from-split.jpg\"   \/><div id=\"interactive-banner-wrap-3732\" class=\"ult-new-ib-desc\" style=\"\"><h2 class=\"ult-new-ib-title ult-responsive\"  data-ultimate-target='#interactive-banner-wrap-3732 .ult-new-ib-title'  data-responsive-json-new='{\"font-size\":\"desktop:38px;\",\"line-height\":\"desktop:38px;\"}'  style=\"font-weight:bold;\">Vi\u0161e vrsta brodova<\/h2><div class=\"ult-new-ib-content ult-responsive\"  data-ultimate-target='#interactive-banner-wrap-3732 .ult-new-ib-content'  data-responsive-json-new='{\"font-size\":\"desktop:14px;\",\"line-height\":\"desktop:22px;\"}'  style=\"font-weight:normal;\"><p>Sami izaberite izme\u0111u dvije vrste brodova: luksuzni gumenjak ili brod sa kabinom.<\/p><\/div><\/div><\/div>[\/vc_column][\/vc_row][vc_row full_width=&#8221;stretch_row&#8221; bg_type=&#8221;image&#8221; parallax_style=&#8221;vcpb-vz-jquery&#8221; bg_image_new=&#8221;id^187|url^http:\/\/hellobluecave.com\/wp-content\/uploads\/2018\/03\/o-nama-bg.jpg|caption^null|alt^null|title^o-nama-bg|description^null&#8221; bg_image_repeat=&#8221;no-repeat&#8221; kswr_row_top_decor_enabled=&#8221;false&#8221; kswr_row_bottom_decor_enabled=&#8221;false&#8221; css=&#8221;.vc_custom_1521208488679{padding-top: 100px !important;padding-bottom: 100px !important;}&#8221;][vc_column width=&#8221;1\/6&#8243;][\/vc_column][vc_column width=&#8221;2\/3&#8243; css=&#8221;.vc_custom_1521208614048{border-bottom-width: 20px !important;padding-top: 20px !important;padding-right: 20px !important;padding-bottom: 20px !important;padding-left: 20px !important;background-color: rgba(255,255,255,0.69) !important;*background-color: rgb(255,255,255) !important;}&#8221;]<div id=\"ultimate-heading-53669ea93fd8510c\" class=\"uvc-heading ult-adjust-bottom-margin ultimate-heading-53669ea93fd8510c uvc-3226 line_heading\" data-hspacer=\"line_only\"  data-halign=\"center\" style=\"text-align:center\"><div class=\"uvc-main-heading ult-responsive\"  data-ultimate-target='.uvc-heading.ultimate-heading-53669ea93fd8510c h2'  data-responsive-json-new='{\"font-size\":\"\",\"line-height\":\"\"}' ><h2 style=\"font-weight:normal;\">Informacije o tvrtki:<\/h2><\/div><div class=\"uvc-heading-spacer line_only\" style=\"margin-top:10px;height:2px;\"><span class=\"uvc-headings-line\" style=\"border-style:solid;border-bottom-width:2px;border-color:#446cb3;width:70px;\"><\/span><\/div><\/div>[vc_column_text el_class=&#8221;big&#8221;]<strong>Naziv tvrtke:<\/strong> MISERICORDIA, turisti\u010dka agencija, dru\u0161tvo s ograni\u010denom odgovorno\u0161\u0107u za turizam i usluge<br \/>\n<strong>Skra\u0107eni naziv tvrtke:<\/strong> Misericordia d.o.o.<br \/>\n<strong>Adresa:<\/strong><br \/>\n<strong>Sjedi\u0161te:<\/strong> Vukovarska 123, 21000 Split, Hrvatska<br \/>\n<strong>Poslovnica:<\/strong> Vukovarska 148b, 21000 Split, Hrvatska<br \/>\n<strong>Voditelj poslovnice:<\/strong> Mija \u0160uto<br \/>\n<strong>Svojstvo u kojem nastupa i ovla\u0161tenja koja ima:<\/strong> organizator i posrednik<br \/>\n<strong>Sud kod kojeg je tvrtka upisana u Sudski registar:<\/strong> Trgova\u010dki sud u Splitu<br \/>\n<strong>Broj pod kojim je tvrtka upisana u Sudski registar: <\/strong>MBS: 060313349, Tt-17\/2406-4<br \/>\n<strong>OIB:<\/strong> 14927048054<br \/>\n<strong>Naziv i sjedi\u0161te financijskih institucija u kojima tvrtka ima otvorene ra\u010dune zajedno s brojevima ra\u010duna:<\/strong> Zagreba\u010dka banka d.d., Trg bana Josipa Jela\u010di\u0107a 10, Zagreb<br \/>\n<strong>IBAN:<\/strong> HR14927048054<br \/>\n<strong>S.W.I.F.T.:<\/strong> ZABAHR2XSPL<br \/>\n<strong>\u010clan uprave:<\/strong> Mija \u0160uto<br \/>\n<strong>Iznos temeljnog kapitala:<\/strong> 20000 kuna, upla\u0107en u cijelosti<br \/>\n<strong>Kontakt:<\/strong> +385 (0) 99 472 0697<br \/>\n<strong>Adrese e-po\u0161te<\/strong>:<br \/>\ninfo@hellobluecave.com<br \/>\nhellobluecave@gmail.com<br \/>\n<strong>Internet stranica:<\/strong> <a href=\"http:\/\/www.hellobluecave.com\">www.hellobluecave.com<\/a><br \/>\n<strong>Radno vrijeme s korisnicima:<\/strong> 10:00 do 14:00<br \/>\n<strong>ID kod:<\/strong> HR-AB-21-0603113349<\/p>\n<p>OBAVIJEST O NA\u010cINU PODNO\u0160ENJA PISANOG PRIGOVORA POTRO\u0160A\u010cA KORISNIKA USLUGA<\/p>\n<p>Sukladno \u010dl. 6. st. 3. Zakona o pru\u017eanju usluga u turizmu (&#8220;NN&#8221;, br. 130\/17) obavje\u0161tavamo korisnike usluga da pisani prigovor mogu podnijeti u ovim poslovnim prostorijama , te \u0107e im bez odga\u0111anja pisanim putem biti potvr\u0111en primitak tog prigovora.<\/p>\n<p>Prigovor se mo\u017ee podnijeti putem po\u0161te na adresu: Misericordia d.o.o., Vukovarska 123, 21000 Split, Hrvatska<\/p>\n<p>Ili na e-mail: info@hellobluecave.com<\/p>\n<p>Odgovor na pisani prigovor korisnika usluga dati \u0107emo u pisanom obliku najkasnije 15 dana od dana primitka prigovora, pa stoga molimo da nam u svakom prigovoru navedete Va\u0161u kontakt adresu za dostavu odgovora.[\/vc_column_text][\/vc_column][vc_column width=&#8221;1\/6&#8243;][\/vc_column][\/vc_row]<\/p>\n<\/div>","protected":false},"excerpt":{"rendered":"<p>[vc_row][vc_column][\/vc_column][\/vc_row][vc_row css=&#8221;.vc_custom_1521205427602{padding-top: 60px !important;}&#8221; kswr_row_top_decor_enabled=&#8221;false&#8221; kswr_row_bottom_decor_enabled=&#8221;false&#8221;][vc_column width=&#8221;1\/2&#8243;][\/vc_column][vc_column width=&#8221;1\/2&#8243;][\/vc_column][\/vc_row][vc_row css=&#8221;.vc_custom_1521205434347{padding-bottom: 60px !important;}&#8221; kswr_row_top_decor_enabled=&#8221;false&#8221; kswr_row_bottom_decor_enabled=&#8221;false&#8221;][vc_column width=&#8221;1\/2&#8243;][\/vc_column][vc_column width=&#8221;1\/2&#8243;][\/vc_column][\/vc_row][vc_row full_width=&#8221;stretch_row&#8221; bg_type=&#8221;image&#8221; parallax_style=&#8221;vcpb-vz-jquery&#8221; bg_image_new=&#8221;id^187|url^http:\/\/hellobluecave.com\/wp-content\/uploads\/2018\/03\/o-nama-bg.jpg|caption^null|alt^null|title^o-nama-bg|description^null&#8221; bg_image_repeat=&#8221;no-repeat&#8221; kswr_row_top_decor_enabled=&#8221;false&#8221; kswr_row_bottom_decor_enabled=&#8221;false&#8221; css=&#8221;.vc_custom_1521208488679{padding-top: 100px !important;padding-bottom: 100px !important;}&#8221;][vc_column width=&#8221;1\/6&#8243;][\/vc_column][vc_column width=&#8221;2\/3&#8243; css=&#8221;.vc_custom_1521208614048{border-bottom-width: 20px !important;padding-top: 20px !important;padding-right: 20px !important;padding-bottom: 20px !important;padding-left: 20px !important;background-color: rgba(255,255,255,0.69) !important;*background-color: rgb(255,255,255) !important;}&#8221;][vc_column_text el_class=&#8221;big&#8221;]Naziv tvrtke: MISERICORDIA, turisti\u010dka agencija, dru\u0161tvo<span class=\"excerpt-hellip\"> [\u2026]<\/span><\/p>\n","protected":false},"author":1,"featured_media":0,"parent":0,"menu_order":0,"comment_status":"closed","ping_status":"closed","template":"","meta":[],"class_list":["post-500","page","type-page","status-publish","hentry"],"yoast_head":"<!-- This site is optimized with the Yoast SEO plugin v26.8 - https:\/\/yoast.com\/product\/yoast-seo-wordpress\/ -->\n<title>O nama - Hello Blue Cave<\/title>\n<meta name=\"robots\" content=\"index, follow, max-snippet:-1, max-image-preview:large, max-video-preview:-1\" \/>\n<link rel=\"canonical\" href=\"https:\/\/hellobluecave.com\/about-us\/\" \/>\n<meta property=\"og:locale\" content=\"hr_HR\" \/>\n<meta property=\"og:type\" content=\"article\" \/>\n<meta property=\"og:title\" content=\"O nama - Hello Blue Cave\" \/>\n<meta property=\"og:description\" content=\"[vc_row][vc_column][\/vc_column][\/vc_row][vc_row css=&#8221;.vc_custom_1521205427602{padding-top: 60px !important;}&#8221; kswr_row_top_decor_enabled=&#8221;false&#8221; kswr_row_bottom_decor_enabled=&#8221;false&#8221;][vc_column width=&#8221;1\/2&#8243;][\/vc_column][vc_column width=&#8221;1\/2&#8243;][\/vc_column][\/vc_row][vc_row css=&#8221;.vc_custom_1521205434347{padding-bottom: 60px !important;}&#8221; kswr_row_top_decor_enabled=&#8221;false&#8221; kswr_row_bottom_decor_enabled=&#8221;false&#8221;][vc_column width=&#8221;1\/2&#8243;][\/vc_column][vc_column width=&#8221;1\/2&#8243;][\/vc_column][\/vc_row][vc_row full_width=&#8221;stretch_row&#8221; bg_type=&#8221;image&#8221; parallax_style=&#8221;vcpb-vz-jquery&#8221; bg_image_new=&#8221;id^187|url^http:\/\/hellobluecave.com\/wp-content\/uploads\/2018\/03\/o-nama-bg.jpg|caption^null|alt^null|title^o-nama-bg|description^null&#8221; bg_image_repeat=&#8221;no-repeat&#8221; kswr_row_top_decor_enabled=&#8221;false&#8221; kswr_row_bottom_decor_enabled=&#8221;false&#8221; css=&#8221;.vc_custom_1521208488679{padding-top: 100px !important;padding-bottom: 100px !important;}&#8221;][vc_column width=&#8221;1\/6&#8243;][\/vc_column][vc_column width=&#8221;2\/3&#8243; css=&#8221;.vc_custom_1521208614048{border-bottom-width: 20px !important;padding-top: 20px !important;padding-right: 20px !important;padding-bottom: 20px !important;padding-left: 20px !important;background-color: rgba(255,255,255,0.69) !important;*background-color: rgb(255,255,255) !important;}&#8221;][vc_column_text el_class=&#8221;big&#8221;]Naziv tvrtke: MISERICORDIA, turisti\u010dka agencija, dru\u0161tvo [\u2026]\" \/>\n<meta property=\"og:url\" content=\"https:\/\/hellobluecave.com\/about-us\/\" \/>\n<meta property=\"og:site_name\" content=\"Hello Blue Cave\" \/>\n<meta property=\"article:modified_time\" content=\"2024-07-22T19:35:51+00:00\" \/>\n<meta name=\"twitter:card\" content=\"summary_large_image\" \/>\n<meta name=\"twitter:label1\" content=\"Est. reading time\" \/>\n\t<meta name=\"twitter:data1\" content=\"2 minutes\" \/>\n<script type=\"application\/ld+json\" class=\"yoast-schema-graph\">{\"@context\":\"https:\/\/schema.org\",\"@graph\":[{\"@type\":\"WebPage\",\"@id\":\"https:\/\/hellobluecave.com\/about-us\/\",\"url\":\"https:\/\/hellobluecave.com\/about-us\/\",\"name\":\"O nama - Hello Blue Cave\",\"isPartOf\":{\"@id\":\"https:\/\/hellobluecave.com\/#website\"},\"datePublished\":\"2018-03-16T12:13:58+00:00\",\"dateModified\":\"2024-07-22T19:35:51+00:00\",\"breadcrumb\":{\"@id\":\"https:\/\/hellobluecave.com\/about-us\/#breadcrumb\"},\"inLanguage\":\"hr-HR\",\"potentialAction\":[{\"@type\":\"ReadAction\",\"target\":[\"https:\/\/hellobluecave.com\/about-us\/\"]}]},{\"@type\":\"BreadcrumbList\",\"@id\":\"https:\/\/hellobluecave.com\/about-us\/#breadcrumb\",\"itemListElement\":[{\"@type\":\"ListItem\",\"position\":1,\"name\":\"Home\",\"item\":\"https:\/\/hellobluecave.com\/hr\/\"},{\"@type\":\"ListItem\",\"position\":2,\"name\":\"O nama\"}]},{\"@type\":\"WebSite\",\"@id\":\"https:\/\/hellobluecave.com\/#website\",\"url\":\"https:\/\/hellobluecave.com\/\",\"name\":\"Hello Blue Cave\",\"description\":\"Blue Cave and 5 island Boat Tour From Split\",\"potentialAction\":[{\"@type\":\"SearchAction\",\"target\":{\"@type\":\"EntryPoint\",\"urlTemplate\":\"https:\/\/hellobluecave.com\/?s={search_term_string}\"},\"query-input\":{\"@type\":\"PropertyValueSpecification\",\"valueRequired\":true,\"valueName\":\"search_term_string\"}}],\"inLanguage\":\"hr-HR\"}]}<\/script>\n<!-- \/ Yoast SEO plugin. -->","yoast_head_json":{"title":"O nama - Hello Blue Cave","robots":{"index":"index","follow":"follow","max-snippet":"max-snippet:-1","max-image-preview":"max-image-preview:large","max-video-preview":"max-video-preview:-1"},"canonical":"https:\/\/hellobluecave.com\/about-us\/","og_locale":"hr_HR","og_type":"article","og_title":"O nama - Hello Blue Cave","og_description":"[vc_row][vc_column][\/vc_column][\/vc_row][vc_row css=&#8221;.vc_custom_1521205427602{padding-top: 60px !important;}&#8221; kswr_row_top_decor_enabled=&#8221;false&#8221; kswr_row_bottom_decor_enabled=&#8221;false&#8221;][vc_column width=&#8221;1\/2&#8243;][\/vc_column][vc_column width=&#8221;1\/2&#8243;][\/vc_column][\/vc_row][vc_row css=&#8221;.vc_custom_1521205434347{padding-bottom: 60px !important;}&#8221; kswr_row_top_decor_enabled=&#8221;false&#8221; kswr_row_bottom_decor_enabled=&#8221;false&#8221;][vc_column width=&#8221;1\/2&#8243;][\/vc_column][vc_column width=&#8221;1\/2&#8243;][\/vc_column][\/vc_row][vc_row full_width=&#8221;stretch_row&#8221; bg_type=&#8221;image&#8221; parallax_style=&#8221;vcpb-vz-jquery&#8221; bg_image_new=&#8221;id^187|url^http:\/\/hellobluecave.com\/wp-content\/uploads\/2018\/03\/o-nama-bg.jpg|caption^null|alt^null|title^o-nama-bg|description^null&#8221; bg_image_repeat=&#8221;no-repeat&#8221; kswr_row_top_decor_enabled=&#8221;false&#8221; kswr_row_bottom_decor_enabled=&#8221;false&#8221; css=&#8221;.vc_custom_1521208488679{padding-top: 100px !important;padding-bottom: 100px !important;}&#8221;][vc_column width=&#8221;1\/6&#8243;][\/vc_column][vc_column width=&#8221;2\/3&#8243; css=&#8221;.vc_custom_1521208614048{border-bottom-width: 20px !important;padding-top: 20px !important;padding-right: 20px !important;padding-bottom: 20px !important;padding-left: 20px !important;background-color: rgba(255,255,255,0.69) !important;*background-color: rgb(255,255,255) !important;}&#8221;][vc_column_text el_class=&#8221;big&#8221;]Naziv tvrtke: MISERICORDIA, turisti\u010dka agencija, dru\u0161tvo [\u2026]","og_url":"https:\/\/hellobluecave.com\/about-us\/","og_site_name":"Hello Blue Cave","article_modified_time":"2024-07-22T19:35:51+00:00","twitter_card":"summary_large_image","twitter_misc":{"Est. reading time":"2 minutes"},"schema":{"@context":"https:\/\/schema.org","@graph":[{"@type":"WebPage","@id":"https:\/\/hellobluecave.com\/about-us\/","url":"https:\/\/hellobluecave.com\/about-us\/","name":"O nama - Hello Blue Cave","isPartOf":{"@id":"https:\/\/hellobluecave.com\/#website"},"datePublished":"2018-03-16T12:13:58+00:00","dateModified":"2024-07-22T19:35:51+00:00","breadcrumb":{"@id":"https:\/\/hellobluecave.com\/about-us\/#breadcrumb"},"inLanguage":"hr-HR","potentialAction":[{"@type":"ReadAction","target":["https:\/\/hellobluecave.com\/about-us\/"]}]},{"@type":"BreadcrumbList","@id":"https:\/\/hellobluecave.com\/about-us\/#breadcrumb","itemListElement":[{"@type":"ListItem","position":1,"name":"Home","item":"https:\/\/hellobluecave.com\/hr\/"},{"@type":"ListItem","position":2,"name":"O nama"}]},{"@type":"WebSite","@id":"https:\/\/hellobluecave.com\/#website","url":"https:\/\/hellobluecave.com\/","name":"Hello Blue Cave","description":"Blue Cave and 5 island Boat Tour From Split","potentialAction":[{"@type":"SearchAction","target":{"@type":"EntryPoint","urlTemplate":"https:\/\/hellobluecave.com\/?s={search_term_string}"},"query-input":{"@type":"PropertyValueSpecification","valueRequired":true,"valueName":"search_term_string"}}],"inLanguage":"hr-HR"}]}},"_links":{"self":[{"href":"https:\/\/hellobluecave.com\/hr\/wp-json\/wp\/v2\/pages\/500","targetHints":{"allow":["GET"]}}],"collection":[{"href":"https:\/\/hellobluecave.com\/hr\/wp-json\/wp\/v2\/pages"}],"about":[{"href":"https:\/\/hellobluecave.com\/hr\/wp-json\/wp\/v2\/types\/page"}],"author":[{"embeddable":true,"href":"https:\/\/hellobluecave.com\/hr\/wp-json\/wp\/v2\/users\/1"}],"replies":[{"embeddable":true,"href":"https:\/\/hellobluecave.com\/hr\/wp-json\/wp\/v2\/comments?post=500"}],"version-history":[{"count":9,"href":"https:\/\/hellobluecave.com\/hr\/wp-json\/wp\/v2\/pages\/500\/revisions"}],"predecessor-version":[{"id":895,"href":"https:\/\/hellobluecave.com\/hr\/wp-json\/wp\/v2\/pages\/500\/revisions\/895"}],"wp:attachment":[{"href":"https:\/\/hellobluecave.com\/hr\/wp-json\/wp\/v2\/media?parent=500"}],"curies":[{"name":"wp","href":"https:\/\/api.w.org\/{rel}","templated":true}]}}