{"id":505,"date":"2018-03-15T14:56:57","date_gmt":"2018-03-15T14:56:57","guid":{"rendered":"http:\/\/hellobluecave.com\/contact\/"},"modified":"2024-07-22T19:55:50","modified_gmt":"2024-07-22T19:55:50","slug":"kontakt","status":"publish","type":"page","link":"https:\/\/hellobluecave.com\/hr\/kontakt\/","title":{"rendered":"Kontakt"},"content":{"rendered":"<div class=\"wpb-content-wrapper\"><p>[vc_row full_width=&#8221;stretch_row_content_no_spaces&#8221; el_class=&#8221;karta&#8221; kswr_row_top_decor_enabled=&#8221;false&#8221; kswr_row_bottom_decor_enabled=&#8221;false&#8221;][vc_column]<div id='wrap_map_69daab0524890' class='ultimate-map-wrapper ult-adjust-bottom-margin ' style=' height:350px;'><div id='map_69daab0524890' data-map_override='0' class='ultimate_google_map wpb_content_element 0' style='width:100%;height:350px;'><\/div><\/div><script type='text\/javascript'>\n\t\t\t(function($) {\n  \t\t\t'use strict';\n\t\t\tvar map_map_69daab0524890 = null;\n\t\t\tvar coordinate_map_69daab0524890;\n\t\t\tvar isDraggable = $(document).width() > 641 ? 'true' : 'true';\n\t\t\ttry\n\t\t\t{\n\t\t\t\tvar map_map_69daab0524890 = null;\n\t\t\t\tvar coordinate_map_69daab0524890;\n\t\t\t\tcoordinate_map_69daab0524890 = new google.maps.LatLng(43.507504, 16.439757);\n\t\t\t\tvar mapOptions=\n\t\t\t\t{\n\t\t\t\t\tzoom: 16,\n\t\t\t\t\tcenter: coordinate_map_69daab0524890,\n\t\t\t\t\tscaleControl: true,\n\t\t\t\t\tstreetViewControl: false,\n\t\t\t\t\tmapTypeControl: false,\n\t\t\t\t\tpanControl: false,\n\t\t\t\t\tzoomControl: false,\n\t\t\t\t\tscrollwheel: true,\n\t\t\t\t\tdraggable: isDraggable,\n\t\t\t\t\tzoomControlOptions: {\n\t\t\t\t\t\tposition: google.maps.ControlPosition.right_bottom\n\t\t\t\t\t},mapTypeId: google.maps.MapTypeId.roadmap,};var map_map_69daab0524890 = new google.maps.Map(document.getElementById('map_69daab0524890'),mapOptions);\n\t\t\t\t\t\tvar x = 'off';\n\t\t\t\t\t\tvar marker_map_69daab0524890 = new google.maps.Marker({\n\t\t\t\t\t\tposition: new google.maps.LatLng('43.507504', '16.439757'),\n\t\t\t\t\t\tanimation:  google.maps.Animation.DROP,\n\t\t\t\t\t\tmap: map_map_69daab0524890,\n\t\t\t\t\t\ticon: 'https:\/\/hellobluecave.com\/wp-content\/uploads\/2024\/07\/map-pin.png'\n\t\t\t\t\t});}\n\t\t\tcatch(e){};\n\t\t\tjQuery(document).ready(function($){\n\t\t\t\tgoogle.maps.event.trigger(map_map_69daab0524890, 'resize');\n\t\t\t\t$(window).on('resize', function(){\n\t\t\t\t\tgoogle.maps.event.trigger(map_map_69daab0524890, 'resize');\n\t\t\t\t\tif(map_map_69daab0524890!=null)\n\t\t\t\t\t\tmap_map_69daab0524890.setCenter(coordinate_map_69daab0524890);\n\t\t\t\t});\n\t\t\t\t$('.ui-tabs').on('tabsactivate', function(event, ui) {\n\t\t\t\t   if($(this).find('.ultimate-map-wrapper').length > 0)\n\t\t\t\t\t{\n\t\t\t\t\t\tsetTimeout(function(){\n\t\t\t\t\t\t\t$(window).trigger('resize');\n\t\t\t\t\t\t},200);\n\t\t\t\t\t}\n\t\t\t\t});\n\t\t\t\t$('.ui-accordion').on('accordionactivate', function(event, ui) {\n\t\t\t\t   if($(this).find('.ultimate-map-wrapper').length > 0)\n\t\t\t\t\t{\n\t\t\t\t\t\tsetTimeout(function(){\n\t\t\t\t\t\t\t$(window).trigger('resize');\n\t\t\t\t\t\t},200);\n\t\t\t\t\t}\n\t\t\t\t});\n\t\t\t\t$(window).on('load',function(){\n\t\t\t\t\tsetTimeout(function(){\n\t\t\t\t\t\t$(window).trigger('resize');\n\t\t\t\t\t},200);\n\t\t\t\t});\n\t\t\t\t$('.ult_exp_section').on('select', function(){\n\t\t\t\t\tif($(map_map_69daab0524890).parents('.ult_exp_section'))\n\t\t\t\t\t{\n\t\t\t\t\t\tsetTimeout(function(){\n\t\t\t\t\t\t\t$(window).trigger('resize');\n\t\t\t\t\t\t},200);\n\t\t\t\t\t}\n\t\t\t\t});\n\t\t\t\t$(document).on('onUVCModalPopupOpen', function(){\n\t\t\t\t\tif($(map_map_69daab0524890).parents('.ult_modal-content'))\n\t\t\t\t\t{\n\t\t\t\t\t\tsetTimeout(function(){\n\t\t\t\t\t\t\t$(window).trigger('resize');\n\t\t\t\t\t\t},200);\n\t\t\t\t\t}\n\t\t\t\t});\n\t\t\t\t$(document).on('click','.ult_tab_li',function(){\n\t\t\t\t\t$(window).trigger('resize');\n\t\t\t\t\tsetTimeout(function(){\n\t\t\t\t\t\t$(window).trigger('resize');\n\t\t\t\t\t},200);\n\t\t\t\t});\n\t\t\t});\n\t\t\tfunction toggleBounce() {\n\t\t\t  if (marker_map_69daab0524890.getAnimation() != null) {\n\t\t\t\tmarker_map_69daab0524890.setAnimation(null);\n\t\t\t  } else {\n\t\t\t\tmarker_map_69daab0524890.setAnimation(google.maps.Animation.BOUNCE);\n\t\t\t  }\n\t\t\t}\n\t\t\t})(jQuery);\n\t\t\t<\/script>[\/vc_column][\/vc_row][vc_row full_width=&#8221;stretch_row&#8221; css=&#8221;.vc_custom_1519673703568{padding-top: 40px !important;padding-bottom: 40px !important;background-color: #fcfcfc !important;background-position: 0 0 !important;background-repeat: repeat !important;}&#8221; el_class=&#8221;treci-div&#8221; kswr_row_top_decor_enabled=&#8221;false&#8221; kswr_row_bottom_decor_enabled=&#8221;false&#8221;][vc_column][vc_custom_heading text=&#8221;Obratite se s povjerenjem&#8221; font_container=&#8221;tag:h2|text_align:center&#8221; use_theme_fonts=&#8221;yes&#8221; css_animation=&#8221;bounceInUp&#8221;][vc_column_text css_animation=&#8221;fadeInUp&#8221;]<\/p>\n<h6 style=\"text-align: center;\">Na\u0161 tim \u010dine mladi i motivirani ljudi spremni da brzo udovolje svim Va\u0161im zahtjevima<\/h6>\n<p>[\/vc_column_text][\/vc_column][\/vc_row][vc_row full_width=&#8221;stretch_row&#8221; css=&#8221;.vc_custom_1519673718904{background-color: #f1f1f1 !important;background-position: 0 0 !important;background-repeat: repeat !important;}&#8221; kswr_row_top_decor_enabled=&#8221;false&#8221; kswr_row_bottom_decor_enabled=&#8221;false&#8221;][vc_column width=&#8221;1\/12&#8243;][\/vc_column][vc_column css_animation=&#8221;fadeInLeft&#8221; width=&#8221;5\/12&#8243;][vc_single_image image=&#8221;16&#8243; img_size=&#8221;full&#8221; alignment=&#8221;center&#8221; css=&#8221;.vc_custom_1516637313506{margin-bottom: 0px !important;border-bottom-width: 0px !important;padding-bottom: 0px !important;}&#8221;][vc_column_text css=&#8221;.vc_custom_1529949395038{background-image: url(http:\/\/bonita-centar.com\/wp-content\/uploads\/2018\/03\/kontakt.png?id=379) !important;}&#8221; el_class=&#8221;kontakt-info&#8221;]<\/p>\n<h4>Hello Blue Cave<\/h4>\n<p><i class=\"fa fa-home \" ><\/i> Vukovarska 123<br \/>\n<span style=\"margin-left: 18px;\">21000 Split<\/span><br \/>\n<i class=\"fa fa-phone \" ><\/i> Kontakt: <a href=\"tel:+385994720697\">+385 99 472 0697<\/a><br \/>\n<i class=\"fa fa-envelope \" ><\/i> E-mail: <a href=\"mailto:info@hellobluecave.com\">info@hellobluecave.com<\/a><br \/>\n<i class=\"fa fa-envelope \" ><\/i> E-mail: <a href=\"mailto:hellobluecave@gmail.com\">hellobluecave@gmail.com<\/a><br \/>\n<i class=\"fa fa-skype \" ><\/i> Skype: Hello Blue Cave[\/vc_column_text][vc_column_text css=&#8221;.vc_custom_1529949446317{background-image: url(http:\/\/bonita-centar.com\/wp-content\/uploads\/2018\/03\/clock.png?id=380) !important;}&#8221; el_class=&#8221;kontakt-radno-vrijeme&#8221;]<\/p>\n<h4><i class=\"fa fa-clock-o \" ><\/i> Raspored<\/h4>\n<p>Svakim danom od 1.4. do 31.10.[\/vc_column_text][\/vc_column][vc_column css_animation=&#8221;fadeInRight&#8221; width=&#8221;5\/12&#8243; el_class=&#8221;kontakt-obrazac-div&#8221; css=&#8221;.vc_custom_1516640536556{padding-top: 100px !important;}&#8221;][vc_column_text]<\/p>\n<h4 style=\"text-align: center;\"><i class=\"fa fa-envelope-o \" ><\/i> <span style=\"color: #446cb3;\">Po\u0161aljite nam poruku:<\/span><\/h4>\n<p>[\/vc_column_text]\n<div class=\"wpcf7 no-js\" id=\"wpcf7-f65-o1\" lang=\"en-US\" dir=\"ltr\" data-wpcf7-id=\"65\">\n<div class=\"screen-reader-response\"><p role=\"status\" aria-live=\"polite\" aria-atomic=\"true\"><\/p> <ul><\/ul><\/div>\n<form action=\"\/hr\/wp-json\/wp\/v2\/pages\/505#wpcf7-f65-o1\" method=\"post\" class=\"wpcf7-form init\" aria-label=\"Contact form\" novalidate=\"novalidate\" data-status=\"init\">\n<fieldset class=\"hidden-fields-container\"><input type=\"hidden\" name=\"_wpcf7\" value=\"65\" \/><input type=\"hidden\" name=\"_wpcf7_version\" value=\"6.1.4\" \/><input type=\"hidden\" name=\"_wpcf7_locale\" value=\"en_US\" \/><input type=\"hidden\" name=\"_wpcf7_unit_tag\" value=\"wpcf7-f65-o1\" \/><input type=\"hidden\" name=\"_wpcf7_container_post\" value=\"0\" \/><input type=\"hidden\" name=\"_wpcf7_posted_data_hash\" value=\"\" \/><input type=\"hidden\" name=\"_wpcf7_recaptcha_response\" value=\"\" \/>\n<\/fieldset>\n<div class=\"column one-second\">\n\t<p><span class=\"wpcf7-form-control-wrap\" data-name=\"your-name\"><input size=\"40\" maxlength=\"400\" class=\"wpcf7-form-control wpcf7-text wpcf7-validates-as-required\" aria-required=\"true\" aria-invalid=\"false\" placeholder=\"Your name\" value=\"\" type=\"text\" name=\"your-name\" \/><\/span>\n\t<\/p>\n<\/div>\n<div class=\"column one-second\">\n\t<p><span class=\"wpcf7-form-control-wrap\" data-name=\"your-email\"><input size=\"40\" maxlength=\"400\" class=\"wpcf7-form-control wpcf7-email wpcf7-validates-as-required wpcf7-text wpcf7-validates-as-email\" aria-required=\"true\" aria-invalid=\"false\" placeholder=\"Your e-mail\" value=\"\" type=\"email\" name=\"your-email\" \/><\/span>\n\t<\/p>\n<\/div>\n<div class=\"column one\">\n\t<p><span class=\"wpcf7-form-control-wrap\" data-name=\"your-phone\"><input size=\"40\" maxlength=\"400\" class=\"wpcf7-form-control wpcf7-text wpcf7-validates-as-required\" aria-required=\"true\" aria-invalid=\"false\" placeholder=\"Your phone number\" value=\"\" type=\"text\" name=\"your-phone\" \/><\/span>\n\t<\/p>\n<\/div>\n<div class=\"column one\">\n\t<p><span class=\"wpcf7-form-control-wrap\" data-name=\"your-message\"><textarea cols=\"40\" rows=\"5\" maxlength=\"2000\" class=\"wpcf7-form-control wpcf7-textarea\" aria-invalid=\"false\" placeholder=\"Message\" name=\"your-message\"><\/textarea><\/span>\n\t<\/p>\n<\/div>\n<div class=\"column one\">\n\t<p><span class=\"wpcf7-form-control-wrap\" data-name=\"your-consent\"><span class=\"wpcf7-form-control wpcf7-acceptance\"><span class=\"wpcf7-list-item\"><label><input type=\"checkbox\" name=\"your-consent\" value=\"1\" aria-invalid=\"false\" \/><span class=\"wpcf7-list-item-label\">I accept the storage of my data so that Miserricordia d.o.o. can answer me for a query.<\/span><\/label><\/span><\/span><\/span>\n\t<\/p>\n<\/div>\n<div class=\"column one\">\n\t<p>You can read our Privacy statement <a href=\"https:\/\/hellobluecave.com\/privacy-statement\/\">here<\/a>. This site is protected by reCAPTCHA and the Google <a target=\"_blank\" href=\"https:\/\/policies.google.com\/privacy\">Privacy Policy<\/a> and <a target=\"_blank\" href=\"https:\/\/policies.google.com\/terms\">Terms of Service<\/a> apply.\n\t<\/p>\n<\/div>\n<div class=\"column one\">\n\t<p><input class=\"wpcf7-form-control wpcf7-submit has-spinner button_full_width\" type=\"submit\" value=\"Send message\" \/>\n\t<\/p>\n<\/div><div class=\"wpcf7-response-output\" aria-hidden=\"true\"><\/div>\n<\/form>\n<\/div>\n[\/vc_column][vc_column width=&#8221;1\/12&#8243;][\/vc_column][\/vc_row]<\/p>\n<\/div>","protected":false},"excerpt":{"rendered":"<p>[vc_row full_width=&#8221;stretch_row_content_no_spaces&#8221; el_class=&#8221;karta&#8221; kswr_row_top_decor_enabled=&#8221;false&#8221; kswr_row_bottom_decor_enabled=&#8221;false&#8221;][vc_column][\/vc_column][\/vc_row][vc_row full_width=&#8221;stretch_row&#8221; css=&#8221;.vc_custom_1519673703568{padding-top: 40px !important;padding-bottom: 40px !important;background-color: #fcfcfc !important;background-position: 0 0 !important;background-repeat: repeat !important;}&#8221; el_class=&#8221;treci-div&#8221; kswr_row_top_decor_enabled=&#8221;false&#8221; kswr_row_bottom_decor_enabled=&#8221;false&#8221;][vc_column][vc_custom_heading text=&#8221;Obratite se s povjerenjem&#8221; font_container=&#8221;tag:h2|text_align:center&#8221; use_theme_fonts=&#8221;yes&#8221; css_animation=&#8221;bounceInUp&#8221;][vc_column_text css_animation=&#8221;fadeInUp&#8221;] Na\u0161 tim \u010dine mladi i motivirani ljudi spremni da brzo udovolje svim Va\u0161im zahtjevima [\/vc_column_text][\/vc_column][\/vc_row][vc_row full_width=&#8221;stretch_row&#8221; css=&#8221;.vc_custom_1519673718904{background-color: #f1f1f1 !important;background-position: 0 0<span class=\"excerpt-hellip\"> [\u2026]<\/span><\/p>\n","protected":false},"author":1,"featured_media":0,"parent":0,"menu_order":0,"comment_status":"closed","ping_status":"closed","template":"","meta":[],"class_list":["post-505","page","type-page","status-publish","hentry"],"yoast_head":"<!-- This site is optimized with the Yoast SEO plugin v26.8 - https:\/\/yoast.com\/product\/yoast-seo-wordpress\/ -->\n<title>Contac us - 24\/7 Online support - Hello Blue Cave - Split - Croatia<\/title>\n<meta name=\"description\" content=\"Hello Blue Cave company, Riva 21 000, Split, Croatia. ONLINE SUPPORT 24\/7 Whatsapp: +385 99 472 0697 Email: info@hellobluecave.com\" \/>\n<meta name=\"robots\" content=\"index, follow, max-snippet:-1, max-image-preview:large, max-video-preview:-1\" \/>\n<link rel=\"canonical\" href=\"https:\/\/hellobluecave.com\/contact\/\" \/>\n<meta property=\"og:locale\" content=\"hr_HR\" \/>\n<meta property=\"og:type\" content=\"article\" \/>\n<meta property=\"og:title\" content=\"Contac us - 24\/7 Online support - Hello Blue Cave - Split - Croatia\" \/>\n<meta property=\"og:description\" content=\"Hello Blue Cave company, Riva 21 000, Split, Croatia. ONLINE SUPPORT 24\/7 Whatsapp: +385 99 472 0697 Email: info@hellobluecave.com\" \/>\n<meta property=\"og:url\" content=\"https:\/\/hellobluecave.com\/contact\/\" \/>\n<meta property=\"og:site_name\" content=\"Hello Blue Cave\" \/>\n<meta property=\"article:modified_time\" content=\"2024-07-22T19:55:50+00:00\" \/>\n<meta name=\"twitter:card\" content=\"summary_large_image\" \/>\n<meta name=\"twitter:label1\" content=\"Est. reading time\" \/>\n\t<meta name=\"twitter:data1\" content=\"1 minute\" \/>\n<script type=\"application\/ld+json\" class=\"yoast-schema-graph\">{\"@context\":\"https:\/\/schema.org\",\"@graph\":[{\"@type\":\"WebPage\",\"@id\":\"https:\/\/hellobluecave.com\/contact\/\",\"url\":\"https:\/\/hellobluecave.com\/contact\/\",\"name\":\"Contac us - 24\/7 Online support - Hello Blue Cave - Split - Croatia\",\"isPartOf\":{\"@id\":\"https:\/\/hellobluecave.com\/#website\"},\"datePublished\":\"2018-03-15T14:56:57+00:00\",\"dateModified\":\"2024-07-22T19:55:50+00:00\",\"description\":\"Hello Blue Cave company, Riva 21 000, Split, Croatia. ONLINE SUPPORT 24\/7 Whatsapp: +385 99 472 0697 Email: info@hellobluecave.com\",\"breadcrumb\":{\"@id\":\"https:\/\/hellobluecave.com\/contact\/#breadcrumb\"},\"inLanguage\":\"hr-HR\",\"potentialAction\":[{\"@type\":\"ReadAction\",\"target\":[\"https:\/\/hellobluecave.com\/contact\/\"]}]},{\"@type\":\"BreadcrumbList\",\"@id\":\"https:\/\/hellobluecave.com\/contact\/#breadcrumb\",\"itemListElement\":[{\"@type\":\"ListItem\",\"position\":1,\"name\":\"Home\",\"item\":\"https:\/\/hellobluecave.com\/hr\/\"},{\"@type\":\"ListItem\",\"position\":2,\"name\":\"Kontakt\"}]},{\"@type\":\"WebSite\",\"@id\":\"https:\/\/hellobluecave.com\/#website\",\"url\":\"https:\/\/hellobluecave.com\/\",\"name\":\"Hello Blue Cave\",\"description\":\"Blue Cave and 5 island Boat Tour From Split\",\"potentialAction\":[{\"@type\":\"SearchAction\",\"target\":{\"@type\":\"EntryPoint\",\"urlTemplate\":\"https:\/\/hellobluecave.com\/?s={search_term_string}\"},\"query-input\":{\"@type\":\"PropertyValueSpecification\",\"valueRequired\":true,\"valueName\":\"search_term_string\"}}],\"inLanguage\":\"hr-HR\"}]}<\/script>\n<!-- \/ Yoast SEO plugin. -->","yoast_head_json":{"title":"Contac us - 24\/7 Online support - Hello Blue Cave - Split - Croatia","description":"Hello Blue Cave company, Riva 21 000, Split, Croatia. ONLINE SUPPORT 24\/7 Whatsapp: +385 99 472 0697 Email: info@hellobluecave.com","robots":{"index":"index","follow":"follow","max-snippet":"max-snippet:-1","max-image-preview":"max-image-preview:large","max-video-preview":"max-video-preview:-1"},"canonical":"https:\/\/hellobluecave.com\/contact\/","og_locale":"hr_HR","og_type":"article","og_title":"Contac us - 24\/7 Online support - Hello Blue Cave - Split - Croatia","og_description":"Hello Blue Cave company, Riva 21 000, Split, Croatia. ONLINE SUPPORT 24\/7 Whatsapp: +385 99 472 0697 Email: info@hellobluecave.com","og_url":"https:\/\/hellobluecave.com\/contact\/","og_site_name":"Hello Blue Cave","article_modified_time":"2024-07-22T19:55:50+00:00","twitter_card":"summary_large_image","twitter_misc":{"Est. reading time":"1 minute"},"schema":{"@context":"https:\/\/schema.org","@graph":[{"@type":"WebPage","@id":"https:\/\/hellobluecave.com\/contact\/","url":"https:\/\/hellobluecave.com\/contact\/","name":"Contac us - 24\/7 Online support - Hello Blue Cave - Split - Croatia","isPartOf":{"@id":"https:\/\/hellobluecave.com\/#website"},"datePublished":"2018-03-15T14:56:57+00:00","dateModified":"2024-07-22T19:55:50+00:00","description":"Hello Blue Cave company, Riva 21 000, Split, Croatia. ONLINE SUPPORT 24\/7 Whatsapp: +385 99 472 0697 Email: info@hellobluecave.com","breadcrumb":{"@id":"https:\/\/hellobluecave.com\/contact\/#breadcrumb"},"inLanguage":"hr-HR","potentialAction":[{"@type":"ReadAction","target":["https:\/\/hellobluecave.com\/contact\/"]}]},{"@type":"BreadcrumbList","@id":"https:\/\/hellobluecave.com\/contact\/#breadcrumb","itemListElement":[{"@type":"ListItem","position":1,"name":"Home","item":"https:\/\/hellobluecave.com\/hr\/"},{"@type":"ListItem","position":2,"name":"Kontakt"}]},{"@type":"WebSite","@id":"https:\/\/hellobluecave.com\/#website","url":"https:\/\/hellobluecave.com\/","name":"Hello Blue Cave","description":"Blue Cave and 5 island Boat Tour From Split","potentialAction":[{"@type":"SearchAction","target":{"@type":"EntryPoint","urlTemplate":"https:\/\/hellobluecave.com\/?s={search_term_string}"},"query-input":{"@type":"PropertyValueSpecification","valueRequired":true,"valueName":"search_term_string"}}],"inLanguage":"hr-HR"}]}},"_links":{"self":[{"href":"https:\/\/hellobluecave.com\/hr\/wp-json\/wp\/v2\/pages\/505","targetHints":{"allow":["GET"]}}],"collection":[{"href":"https:\/\/hellobluecave.com\/hr\/wp-json\/wp\/v2\/pages"}],"about":[{"href":"https:\/\/hellobluecave.com\/hr\/wp-json\/wp\/v2\/types\/page"}],"author":[{"embeddable":true,"href":"https:\/\/hellobluecave.com\/hr\/wp-json\/wp\/v2\/users\/1"}],"replies":[{"embeddable":true,"href":"https:\/\/hellobluecave.com\/hr\/wp-json\/wp\/v2\/comments?post=505"}],"version-history":[{"count":4,"href":"https:\/\/hellobluecave.com\/hr\/wp-json\/wp\/v2\/pages\/505\/revisions"}],"predecessor-version":[{"id":907,"href":"https:\/\/hellobluecave.com\/hr\/wp-json\/wp\/v2\/pages\/505\/revisions\/907"}],"wp:attachment":[{"href":"https:\/\/hellobluecave.com\/hr\/wp-json\/wp\/v2\/media?parent=505"}],"curies":[{"name":"wp","href":"https:\/\/api.w.org\/{rel}","templated":true}]}}