{"id":541,"date":"2018-03-22T10:57:52","date_gmt":"2018-03-22T10:57:52","guid":{"rendered":"https:\/\/hellobluecave.com\/terms-of-service\/"},"modified":"2018-06-26T08:28:17","modified_gmt":"2018-06-26T08:28:17","slug":"uvjeti-poslovanja","status":"publish","type":"page","link":"https:\/\/hellobluecave.com\/hr\/uvjeti-poslovanja\/","title":{"rendered":"Uvjeti poslovanja"},"content":{"rendered":"<div class=\"wpb-content-wrapper\"><p>[vc_row][vc_column width=&#8221;1\/6&#8243;][\/vc_column][vc_column width=&#8221;2\/3&#8243;][vc_column_text]<strong>OP\u0106I UVJETI<\/strong><\/p>\n<p>Kori\u0161tenjem ovih uvjeta dosljednosti, odre\u0111ujemo narud\u017ebe, pla\u0107anje, isporuku i pritu\u017ebe o proizvodima koje se nude na ovoj web stranici. Na\u0161a web stranica mo\u017ee se koristiti za Va\u0161e privatne svrhe, besplatno, u skladu sa sljede\u0107im uvjetima i odredbama.<\/p>\n<p>Prodava\u010d je Misericordia d.o.o., a kupac je posjetitelj ove web stranice koji ispunjava narud\u017ebu, \u0161alje ga prodavatelju i pla\u0107a putem paypal ili gotovinom po isporuci.<\/p>\n<p>&nbsp;<\/p>\n<p><strong>NARU\u010cIVANJE<\/strong><\/p>\n<p>Korisnik naru\u010duje uslugu putem elektroni\u010dkog naloga.<\/p>\n<p>Kupac je svaka osoba koja elektroni\u010dki naru\u010duje najmanje jednu uslugu, ispuni tra\u017eene podatke i po\u0161alee narud\u017ebu. Sve cijene su u hrvatskoj nacionalnoj valuti, u kunama (HRK), s PDV-om, ali su glavne cijene prikazane u eurima radi lak\u0161eg razumijevanja. Usluge su naru\u010dene elektroni\u010dkim putem, a smatra se da ih naru\u010duje kada korisnik odabere i potvrdi pla\u0107anje.<\/p>\n<p>&nbsp;<\/p>\n<p><strong>PLA\u0106ANJE<\/strong><\/p>\n<p>Naru\u010dene usluge mogu se platiti online putem usluge PayPal \u00ae<\/p>\n<p>&nbsp;<\/p>\n<p><strong>REKLAMACIJE<\/strong><\/p>\n<p>Prodava\u010d se obvezuje dostaviti proizvod ili uslugu koja je tehni\u010dki ispravna i koja je u skladu s opisom proizvoda navedenog na web mjestu www.hellobluecave.com. Slika koja ilustrira proizvod na web stranici ne mora nu\u017eno odgovarati to\u010dan izgled proizvoda i kupac se ne mo\u017ee \u017ealiti na ovaj dio. U slu\u010daju spora, nadle\u017eni su nadle\u017eni Trgova\u010dki sud u Splitu. U slu\u010daju da kupac ne dobije naru\u010deni proizvod ili uslugu, gost ima pravo pritu\u017eitelja u roku od sedam dana.<\/p>\n<p>&nbsp;<\/p>\n<p><strong>POVRAT<\/strong><\/p>\n<p>Klijent ima pravo na povrat cijelog iznosa upla\u0107enog u sljede\u0107im slu\u010dajevima:<\/p>\n<p>Ako je rezervacija otkazana na vrijeme (do 2 dana),<\/p>\n<p>U slu\u010daju nemogu\u0107nosti organiziranja izleta zbog vremenskih uvjeta,<\/p>\n<p>Ako klijent nije primio zatra\u017eenu uslugu.<\/p>\n<p>Sredstva \u0107e biti dozna\u010dena na ra\u010dun kupca u roku od 5 radnih dana<\/p>\n<p>&nbsp;<\/p>\n<p><strong>OP\u0106I UVJETI<\/strong><\/p>\n<p>Tvrtka zadr\u017eava pravo izmjene ovih uvjeta i odredbi. Sve promjene \u0107e se primijeniti na kori\u0161tenje stranice www.hellobluecave.com. Kupac je odgovoran za to\u010dnost i cjelovitost informacija prilikom kupnje.<\/p>\n<p>Usluge koje nudi www.hellobluecave.com ne uklju\u010duju tro\u0161kove nastale kori\u0161tenjem ra\u010dunalne opreme i usluga za pristup na\u0161im stranicama. Tvrtka nije odgovorna za tro\u0161kove telefona, internetskog prometa ili bilo kojih drugih tro\u0161kova koji se mogu pojaviti.<\/p>\n<p>Na\u0161a tvrtka nastoji pru\u017eiti najbolju ponudu usluga, ali ne mo\u017eemo garantirati da \u0107e usluge na stranici www.hellobluecave.com odgovarati Va\u0161im potrebama. Na\u0161a tvrtka tako\u0111er ne mo\u017ee jam\u010diti da \u0107e usluga biti bez pogre\u0161ke. Ako do\u0111e do pogre\u0161ke, prijavite ga na info@hellobluecave.com.com kako bismo ga uklonili na najbr\u017ei mogu\u0107i na\u010din.<\/p>\n<p>&nbsp;<\/p>\n<p><strong>IZJAVA O SIGURNOSTI KUPNJE<\/strong><\/p>\n<p>Povjerljivost podataka je za\u0161ti\u0107ena i osigurana pomo\u0107u SSL enkripcije. Stranice za web pla\u0107anje osigurane su kori\u0161tenjem protokolom Secure Socket Layer (SSL) s 128-bitnom enkripcijom podataka. SSL enkripcija je postupak kodiranja podataka za spre\u010davanje neovla\u0161tenog pristupa tijekom prijenosa podataka.<\/p>\n<p>To omogu\u0107uje siguran prijenos podataka i spre\u010dava neovla\u0161teni pristup podacima tijekom komunikacije izme\u0111u korisnika i PayPal Payment Gatewaya i obratno.<\/p>\n<p>PayPal mo\u017ee pru\u017eiti skupne statisti\u010dke podatke tre\u0107im stranama, uklju\u010duju\u0107i druge tvrtke i \u010dlanove javnosti, o tome kako, kada i za\u0161to korisnik posje\u0107uje ili koristi njihove usluge. Ovi podaci ne\u0107e Vas osobno identificirati niti pru\u017eiti informacije o Va\u0161oj upotrebi web-lokacija ili usluga.<\/p>\n<p>Va\u0161e osobne podatke ne dijelimo s tre\u0107im stranama za njihove marketin\u0161ke svrhe bez Va\u0161eg pristanka.<\/p>\n<p>Brojevi kreditnih kartica (ako pla\u0107ate kao gost) ne pohranjuju PayPal Payment Gateway i nisu dostupni neovla\u0161tenim osobama.[\/vc_column_text][\/vc_column][vc_column width=&#8221;1\/6&#8243;][\/vc_column][\/vc_row]<\/p>\n<\/div>","protected":false},"excerpt":{"rendered":"<p>[vc_row][vc_column width=&#8221;1\/6&#8243;][\/vc_column][vc_column width=&#8221;2\/3&#8243;][vc_column_text]OP\u0106I UVJETI Kori\u0161tenjem ovih uvjeta dosljednosti, odre\u0111ujemo narud\u017ebe, pla\u0107anje, isporuku i pritu\u017ebe o proizvodima koje se nude na ovoj web stranici. Na\u0161a web stranica mo\u017ee se koristiti za Va\u0161e privatne svrhe, besplatno, u skladu sa sljede\u0107im uvjetima i odredbama. Prodava\u010d je Misericordia d.o.o., a kupac je posjetitelj ove<span class=\"excerpt-hellip\"> [\u2026]<\/span><\/p>\n","protected":false},"author":1,"featured_media":0,"parent":0,"menu_order":0,"comment_status":"closed","ping_status":"closed","template":"","meta":[],"class_list":["post-541","page","type-page","status-publish","hentry"],"yoast_head":"<!-- This site is optimized with the Yoast SEO plugin v26.8 - https:\/\/yoast.com\/product\/yoast-seo-wordpress\/ -->\n<title>Uvjeti poslovanja - Hello Blue Cave<\/title>\n<meta name=\"robots\" content=\"index, follow, max-snippet:-1, max-image-preview:large, max-video-preview:-1\" \/>\n<link rel=\"canonical\" href=\"https:\/\/hellobluecave.com\/terms-of-service\/\" \/>\n<meta property=\"og:locale\" content=\"hr_HR\" \/>\n<meta property=\"og:type\" content=\"article\" \/>\n<meta property=\"og:title\" content=\"Uvjeti poslovanja - Hello Blue Cave\" \/>\n<meta property=\"og:description\" content=\"[vc_row][vc_column width=&#8221;1\/6&#8243;][\/vc_column][vc_column width=&#8221;2\/3&#8243;][vc_column_text]OP\u0106I UVJETI Kori\u0161tenjem ovih uvjeta dosljednosti, odre\u0111ujemo narud\u017ebe, pla\u0107anje, isporuku i pritu\u017ebe o proizvodima koje se nude na ovoj web stranici. Na\u0161a web stranica mo\u017ee se koristiti za Va\u0161e privatne svrhe, besplatno, u skladu sa sljede\u0107im uvjetima i odredbama. Prodava\u010d je Misericordia d.o.o., a kupac je posjetitelj ove [\u2026]\" \/>\n<meta property=\"og:url\" content=\"https:\/\/hellobluecave.com\/terms-of-service\/\" \/>\n<meta property=\"og:site_name\" content=\"Hello Blue Cave\" \/>\n<meta property=\"article:modified_time\" content=\"2018-06-26T08:28:17+00:00\" \/>\n<meta name=\"twitter:card\" content=\"summary_large_image\" \/>\n<meta name=\"twitter:label1\" content=\"Est. reading time\" \/>\n\t<meta name=\"twitter:data1\" content=\"3 minutes\" \/>\n<script type=\"application\/ld+json\" class=\"yoast-schema-graph\">{\"@context\":\"https:\/\/schema.org\",\"@graph\":[{\"@type\":\"WebPage\",\"@id\":\"https:\/\/hellobluecave.com\/terms-of-service\/\",\"url\":\"https:\/\/hellobluecave.com\/terms-of-service\/\",\"name\":\"Uvjeti poslovanja - Hello Blue Cave\",\"isPartOf\":{\"@id\":\"https:\/\/hellobluecave.com\/#website\"},\"datePublished\":\"2018-03-22T10:57:52+00:00\",\"dateModified\":\"2018-06-26T08:28:17+00:00\",\"breadcrumb\":{\"@id\":\"https:\/\/hellobluecave.com\/terms-of-service\/#breadcrumb\"},\"inLanguage\":\"hr-HR\",\"potentialAction\":[{\"@type\":\"ReadAction\",\"target\":[\"https:\/\/hellobluecave.com\/terms-of-service\/\"]}]},{\"@type\":\"BreadcrumbList\",\"@id\":\"https:\/\/hellobluecave.com\/terms-of-service\/#breadcrumb\",\"itemListElement\":[{\"@type\":\"ListItem\",\"position\":1,\"name\":\"Home\",\"item\":\"https:\/\/hellobluecave.com\/hr\/\"},{\"@type\":\"ListItem\",\"position\":2,\"name\":\"Uvjeti poslovanja\"}]},{\"@type\":\"WebSite\",\"@id\":\"https:\/\/hellobluecave.com\/#website\",\"url\":\"https:\/\/hellobluecave.com\/\",\"name\":\"Hello Blue Cave\",\"description\":\"Blue Cave and 5 island Boat Tour From Split\",\"potentialAction\":[{\"@type\":\"SearchAction\",\"target\":{\"@type\":\"EntryPoint\",\"urlTemplate\":\"https:\/\/hellobluecave.com\/?s={search_term_string}\"},\"query-input\":{\"@type\":\"PropertyValueSpecification\",\"valueRequired\":true,\"valueName\":\"search_term_string\"}}],\"inLanguage\":\"hr-HR\"}]}<\/script>\n<!-- \/ Yoast SEO plugin. -->","yoast_head_json":{"title":"Uvjeti poslovanja - Hello Blue Cave","robots":{"index":"index","follow":"follow","max-snippet":"max-snippet:-1","max-image-preview":"max-image-preview:large","max-video-preview":"max-video-preview:-1"},"canonical":"https:\/\/hellobluecave.com\/terms-of-service\/","og_locale":"hr_HR","og_type":"article","og_title":"Uvjeti poslovanja - Hello Blue Cave","og_description":"[vc_row][vc_column width=&#8221;1\/6&#8243;][\/vc_column][vc_column width=&#8221;2\/3&#8243;][vc_column_text]OP\u0106I UVJETI Kori\u0161tenjem ovih uvjeta dosljednosti, odre\u0111ujemo narud\u017ebe, pla\u0107anje, isporuku i pritu\u017ebe o proizvodima koje se nude na ovoj web stranici. Na\u0161a web stranica mo\u017ee se koristiti za Va\u0161e privatne svrhe, besplatno, u skladu sa sljede\u0107im uvjetima i odredbama. Prodava\u010d je Misericordia d.o.o., a kupac je posjetitelj ove [\u2026]","og_url":"https:\/\/hellobluecave.com\/terms-of-service\/","og_site_name":"Hello Blue Cave","article_modified_time":"2018-06-26T08:28:17+00:00","twitter_card":"summary_large_image","twitter_misc":{"Est. reading time":"3 minutes"},"schema":{"@context":"https:\/\/schema.org","@graph":[{"@type":"WebPage","@id":"https:\/\/hellobluecave.com\/terms-of-service\/","url":"https:\/\/hellobluecave.com\/terms-of-service\/","name":"Uvjeti poslovanja - Hello Blue Cave","isPartOf":{"@id":"https:\/\/hellobluecave.com\/#website"},"datePublished":"2018-03-22T10:57:52+00:00","dateModified":"2018-06-26T08:28:17+00:00","breadcrumb":{"@id":"https:\/\/hellobluecave.com\/terms-of-service\/#breadcrumb"},"inLanguage":"hr-HR","potentialAction":[{"@type":"ReadAction","target":["https:\/\/hellobluecave.com\/terms-of-service\/"]}]},{"@type":"BreadcrumbList","@id":"https:\/\/hellobluecave.com\/terms-of-service\/#breadcrumb","itemListElement":[{"@type":"ListItem","position":1,"name":"Home","item":"https:\/\/hellobluecave.com\/hr\/"},{"@type":"ListItem","position":2,"name":"Uvjeti poslovanja"}]},{"@type":"WebSite","@id":"https:\/\/hellobluecave.com\/#website","url":"https:\/\/hellobluecave.com\/","name":"Hello Blue Cave","description":"Blue Cave and 5 island Boat Tour From Split","potentialAction":[{"@type":"SearchAction","target":{"@type":"EntryPoint","urlTemplate":"https:\/\/hellobluecave.com\/?s={search_term_string}"},"query-input":{"@type":"PropertyValueSpecification","valueRequired":true,"valueName":"search_term_string"}}],"inLanguage":"hr-HR"}]}},"_links":{"self":[{"href":"https:\/\/hellobluecave.com\/hr\/wp-json\/wp\/v2\/pages\/541","targetHints":{"allow":["GET"]}}],"collection":[{"href":"https:\/\/hellobluecave.com\/hr\/wp-json\/wp\/v2\/pages"}],"about":[{"href":"https:\/\/hellobluecave.com\/hr\/wp-json\/wp\/v2\/types\/page"}],"author":[{"embeddable":true,"href":"https:\/\/hellobluecave.com\/hr\/wp-json\/wp\/v2\/users\/1"}],"replies":[{"embeddable":true,"href":"https:\/\/hellobluecave.com\/hr\/wp-json\/wp\/v2\/comments?post=541"}],"version-history":[{"count":2,"href":"https:\/\/hellobluecave.com\/hr\/wp-json\/wp\/v2\/pages\/541\/revisions"}],"predecessor-version":[{"id":543,"href":"https:\/\/hellobluecave.com\/hr\/wp-json\/wp\/v2\/pages\/541\/revisions\/543"}],"wp:attachment":[{"href":"https:\/\/hellobluecave.com\/hr\/wp-json\/wp\/v2\/media?parent=541"}],"curies":[{"name":"wp","href":"https:\/\/api.w.org\/{rel}","templated":true}]}}